{"id":15,"date":"2025-07-18T20:42:54","date_gmt":"2025-07-18T18:42:54","guid":{"rendered":"https:\/\/www.cyrilbouysse.com\/musique\/?page_id=15"},"modified":"2025-07-18T20:42:54","modified_gmt":"2025-07-18T18:42:54","slug":"ronniedorman","status":"publish","type":"page","link":"https:\/\/www.cyrilbouysse.com\/musique\/","title":{"rendered":"RonnieDorman"},"content":{"rendered":"<div id=\"pl-15\"  class=\"panel-layout\" ><div id=\"pg-15-0\"  class=\"panel-grid panel-no-style\" ><div id=\"pgc-15-0-0\"  class=\"panel-grid-cell panel-grid-cell-empty\" ><\/div><div id=\"pgc-15-0-1\"  class=\"panel-grid-cell panel-grid-cell-mobile-last\" ><div id=\"panel-15-0-1-0\" class=\"so-panel widget widget_sow-headline panel-first-child panel-last-child\" data-index=\"0\" ><div\n\t\t\t\n\t\t\tclass=\"so-widget-sow-headline so-widget-sow-headline-default-47c9bf5afaad-15\"\n\t\t\t\n\t\t><div class=\"sow-headline-container \">\n\t\t\t\t\t\t\t<h1 class=\"sow-headline\">\n\t\t\t\t\t\tRonnie Dorman : the Boom Boom album\t\t\t\t\t\t<\/h1>\n\t\t\t\t\t\t\t\t\t\t\t<div class=\"decoration\">\n\t\t\t\t\t\t<div class=\"decoration-inside\"><\/div>\n\t\t\t\t\t<\/div>\n\t\t\t\t\t<\/div>\n<\/div><\/div><\/div><div id=\"pgc-15-0-2\"  class=\"panel-grid-cell panel-grid-cell-empty\" ><\/div><\/div><div id=\"pg-15-1\"  class=\"panel-grid panel-no-style\" ><div id=\"pgc-15-1-0\"  class=\"panel-grid-cell panel-grid-cell-empty\" ><\/div><div id=\"pgc-15-1-1\"  class=\"panel-grid-cell panel-grid-cell-mobile-last\" ><div id=\"panel-15-1-1-0\" class=\"so-panel widget widget_sow-editor panel-first-child panel-last-child\" data-index=\"1\" ><div class=\"panel-widget-style panel-widget-style-for-15-1-1-0\" ><div\n\t\t\t\n\t\t\tclass=\"so-widget-sow-editor so-widget-sow-editor-base\"\n\t\t\t\n\t\t>\n<div class=\"siteorigin-widget-tinymce textwidget\">\n\t<p><span style=\"font-size: 14pt;\">En 2010, Ronnie Dorman m'a demand\u00e9 de faire la musique de ses chansons pour pouvoir enregistrer un EP. J'ai d\u00e9couvert de magnifiques morceaux et un compositeur de talent. Ses m\u00e9lodies et ses textes tr\u00e8s forts et tr\u00e8s beaux m'ont tout de suite inspir\u00e9 des ambiances et m\u00eame des visions. Et j'ai \u00e9t\u00e9 immens\u00e9ment heureux de travailler avec Georges Rodi, un ami rare et pr\u00e9cieux, pour les enregistrer.<\/span><\/p>\n<p><span style=\"font-size: 14pt;\">Ronnie \u00e9tait un vrai Dublinois, et il avait parcouru le monde. J'aurais vraiment aim\u00e9 pouvoir faire plus avec ses chansons, malheureusement il nous a quitt\u00e9s trop t\u00f4t. J'ai toujours pens\u00e9 que les quatre que nous avions enregistr\u00e9es m\u00e9ritaient vraiment d'\u00eatre entendues, alors les voici.<\/span><\/p>\n<p><span style=\"font-size: 14pt;\"><em><span class=\"yt-core-attributed-string yt-core-attributed-string--white-space-pre-wrap\" dir=\"auto\" role=\"text\"><span class=\"yt-core-attributed-string--link-inherit-color\" dir=\"auto\">In 2010, Ronnie Dorman asked me to work on his songs to make an EP. I discovered great pieces and a talented songwriter. His melodies and very strong and beautiful lyrics immediately inspired me some atmospheres and even visions. And I was so happy to work with Georges Rodi, a rare and precious friend, to record them.<\/span><\/span><\/em><\/span><\/p>\n<p><span style=\"font-size: 14pt;\"><em><span class=\"yt-core-attributed-string yt-core-attributed-string--white-space-pre-wrap\" dir=\"auto\" role=\"text\"><span class=\"yt-core-attributed-string--link-inherit-color\" dir=\"auto\">Ronnie was born and raised in Dublin, he was a true Dubliner who traveled all over the world. I wish we had the chance to do more with his songs. Sadly, he left us too soon. I always thought the four we recorded really deserved to be listened to. So here they are, at last.<\/span><\/span><\/em><\/span><\/p>\n<\/div>\n<\/div><\/div><\/div><\/div><div id=\"pgc-15-1-2\"  class=\"panel-grid-cell panel-grid-cell-empty\" ><\/div><\/div><div id=\"pg-15-2\"  class=\"panel-grid panel-no-style\" ><div id=\"pgc-15-2-0\"  class=\"panel-grid-cell panel-grid-cell-empty\" ><\/div><div id=\"pgc-15-2-1\"  class=\"panel-grid-cell\" ><div id=\"panel-15-2-1-0\" class=\"so-panel widget widget_media_video panel-first-child\" data-index=\"2\" ><div style=\"width:100%;\" class=\"wp-video\"><!--[if lt IE 9]><script>document.createElement('video');<\/script><![endif]-->\n<video class=\"wp-video-shortcode\" id=\"video-15-1\" preload=\"metadata\" controls=\"controls\"><source type=\"video\/youtube\" src=\"https:\/\/youtu.be\/02XkCGzoqD8?_=1\" \/><a href=\"https:\/\/youtu.be\/02XkCGzoqD8\">https:\/\/youtu.be\/02XkCGzoqD8<\/a><\/video><\/div><\/div><div id=\"panel-15-2-1-1\" class=\"so-panel widget widget_media_video panel-last-child\" data-index=\"3\" ><div style=\"width:100%;\" class=\"wp-video\"><video class=\"wp-video-shortcode\" id=\"video-15-2\" preload=\"metadata\" controls=\"controls\"><source type=\"video\/youtube\" src=\"https:\/\/youtu.be\/zrimebdDDH4?_=2\" \/><a href=\"https:\/\/youtu.be\/zrimebdDDH4\">https:\/\/youtu.be\/zrimebdDDH4<\/a><\/video><\/div><\/div><\/div><div id=\"pgc-15-2-2\"  class=\"panel-grid-cell panel-grid-cell-mobile-last\" ><div id=\"panel-15-2-2-0\" class=\"so-panel widget widget_media_video panel-first-child\" data-index=\"4\" ><div style=\"width:100%;\" class=\"wp-video\"><video class=\"wp-video-shortcode\" id=\"video-15-3\" preload=\"metadata\" controls=\"controls\"><source type=\"video\/youtube\" src=\"https:\/\/youtu.be\/JboiZAniQ3A?_=3\" \/><a href=\"https:\/\/youtu.be\/JboiZAniQ3A\">https:\/\/youtu.be\/JboiZAniQ3A<\/a><\/video><\/div><\/div><div id=\"panel-15-2-2-1\" class=\"so-panel widget widget_media_video panel-last-child\" data-index=\"5\" ><div style=\"width:100%;\" class=\"wp-video\"><video class=\"wp-video-shortcode\" id=\"video-15-4\" preload=\"metadata\" controls=\"controls\"><source type=\"video\/youtube\" src=\"https:\/\/youtu.be\/6FrG1qR85m8?_=4\" \/><a href=\"https:\/\/youtu.be\/6FrG1qR85m8\">https:\/\/youtu.be\/6FrG1qR85m8<\/a><\/video><\/div><\/div><\/div><div id=\"pgc-15-2-3\"  class=\"panel-grid-cell panel-grid-cell-empty\" ><\/div><\/div><div id=\"pg-15-3\"  class=\"panel-grid panel-no-style\" ><div id=\"pgc-15-3-0\"  class=\"panel-grid-cell panel-grid-cell-empty\" ><\/div><div id=\"pgc-15-3-1\"  class=\"panel-grid-cell panel-grid-cell-mobile-last\" ><div id=\"panel-15-3-1-0\" class=\"so-panel widget widget_sow-headline panel-first-child\" data-index=\"6\" ><div\n\t\t\t\n\t\t\tclass=\"so-widget-sow-headline so-widget-sow-headline-default-4b08a8966226-15\"\n\t\t\t\n\t\t><div class=\"sow-headline-container \">\n\t\t\t\t\t\t<div class=\"decoration\">\n\t\t\t\t\t\t<div class=\"decoration-inside\"><\/div>\n\t\t\t\t\t<\/div>\n\t\t\t\t\t<\/div>\n<\/div><\/div><div id=\"panel-15-3-1-1\" class=\"so-panel widget widget_sow-editor panel-last-child\" data-index=\"7\" ><div class=\"panel-widget-style panel-widget-style-for-15-3-1-1\" ><div\n\t\t\t\n\t\t\tclass=\"so-widget-sow-editor so-widget-sow-editor-base\"\n\t\t\t\n\t\t>\n<div class=\"siteorigin-widget-tinymce textwidget\">\n\t<p style=\"text-align: center;\"><em><span style=\"font-size: 14pt;\">More to come...<\/span><\/em><\/p>\n<\/div>\n<\/div><\/div><\/div><\/div><div id=\"pgc-15-3-2\"  class=\"panel-grid-cell panel-grid-cell-empty\" ><\/div><\/div><\/div>","protected":false},"excerpt":{"rendered":"<p>En 2010, Ronnie Dorman m&rsquo;a demand\u00e9 de faire la musique de ses chansons pour pouvoir enregistrer un EP. J&rsquo;ai d\u00e9couvert de magnifiques morceaux et un compositeur de talent. Ses m\u00e9lodies et ses textes tr\u00e8s forts et tr\u00e8s beaux m&rsquo;ont tout de suite inspir\u00e9 des ambiances et m\u00eame des visions. Et j&rsquo;ai \u00e9t\u00e9 immens\u00e9ment heureux de [&hellip;]<\/p>\n","protected":false},"author":1,"featured_media":0,"parent":0,"menu_order":0,"comment_status":"closed","ping_status":"closed","template":"","meta":{"footnotes":""},"class_list":["post-15","page","type-page","status-publish","hentry","post"],"_links":{"self":[{"href":"https:\/\/www.cyrilbouysse.com\/musique\/wp-json\/wp\/v2\/pages\/15","targetHints":{"allow":["GET"]}}],"collection":[{"href":"https:\/\/www.cyrilbouysse.com\/musique\/wp-json\/wp\/v2\/pages"}],"about":[{"href":"https:\/\/www.cyrilbouysse.com\/musique\/wp-json\/wp\/v2\/types\/page"}],"author":[{"embeddable":true,"href":"https:\/\/www.cyrilbouysse.com\/musique\/wp-json\/wp\/v2\/users\/1"}],"replies":[{"embeddable":true,"href":"https:\/\/www.cyrilbouysse.com\/musique\/wp-json\/wp\/v2\/comments?post=15"}],"version-history":[{"count":8,"href":"https:\/\/www.cyrilbouysse.com\/musique\/wp-json\/wp\/v2\/pages\/15\/revisions"}],"predecessor-version":[{"id":24,"href":"https:\/\/www.cyrilbouysse.com\/musique\/wp-json\/wp\/v2\/pages\/15\/revisions\/24"}],"wp:attachment":[{"href":"https:\/\/www.cyrilbouysse.com\/musique\/wp-json\/wp\/v2\/media?parent=15"}],"curies":[{"name":"wp","href":"https:\/\/api.w.org\/{rel}","templated":true}]}}