{"id":158,"date":"2016-11-15T14:59:13","date_gmt":"2016-11-15T13:59:13","guid":{"rendered":"http:\/\/www.cyrilbouysse.com\/cbamp\/?page_id=158"},"modified":"2025-07-18T12:11:08","modified_gmt":"2025-07-18T10:11:08","slug":"guitares","status":"publish","type":"page","link":"https:\/\/www.cyrilbouysse.com\/cbamp\/guitares\/","title":{"rendered":"Guitares"},"content":{"rendered":"<div id=\"pl-158\"  class=\"panel-layout\" ><div id=\"pg-158-0\"  class=\"panel-grid panel-no-style\" ><div id=\"pgc-158-0-0\"  class=\"panel-grid-cell panel-grid-cell-empty\" ><\/div><div id=\"pgc-158-0-1\"  class=\"panel-grid-cell\" ><div id=\"panel-158-0-1-0\" class=\"so-panel widget widget_sow-image panel-first-child panel-last-child\" data-index=\"0\" ><div\n\t\t\t\n\t\t\tclass=\"so-widget-sow-image so-widget-sow-image-default-8b5b6f678277-158\"\n\t\t\t\n\t\t>\n<div class=\"sow-image-container\">\n\t\t<img \n\tsrc=\"https:\/\/www.cyrilbouysse.com\/cbamp\/wp-content\/uploads\/sites\/6\/2020\/03\/LogoSite.jpg\" width=\"756\" height=\"794\" srcset=\"https:\/\/www.cyrilbouysse.com\/cbamp\/wp-content\/uploads\/sites\/6\/2020\/03\/LogoSite.jpg 756w, https:\/\/www.cyrilbouysse.com\/cbamp\/wp-content\/uploads\/sites\/6\/2020\/03\/LogoSite-286x300.jpg 286w, https:\/\/www.cyrilbouysse.com\/cbamp\/wp-content\/uploads\/sites\/6\/2020\/03\/LogoSite-619x650.jpg 619w\" sizes=\"(max-width: 756px) 100vw, 756px\" alt=\"\" \t\tclass=\"so-widget-image\"\/>\n\t<\/div>\n\n<\/div><\/div><\/div><div id=\"pgc-158-0-2\"  class=\"panel-grid-cell\" ><div id=\"panel-158-0-2-0\" class=\"so-panel widget widget_sow-editor panel-first-child\" data-index=\"1\" ><div class=\"panel-widget-style panel-widget-style-for-158-0-2-0\" ><div\n\t\t\t\n\t\t\tclass=\"so-widget-sow-editor so-widget-sow-editor-base\"\n\t\t\t\n\t\t>\n<div class=\"siteorigin-widget-tinymce textwidget\">\n\t<h1 style=\"text-align: center;\">Guitares<\/h1>\n<\/div>\n<\/div><\/div><\/div><div id=\"panel-158-0-2-1\" class=\"so-panel widget widget_sow-headline\" data-index=\"2\" ><div\n\t\t\t\n\t\t\tclass=\"so-widget-sow-headline so-widget-sow-headline-default-2ae2a522106c-158\"\n\t\t\t\n\t\t><div class=\"sow-headline-container \">\n\t\t\t\t\t\t<div class=\"decoration\">\n\t\t\t\t\t\t<div class=\"decoration-inside\"><\/div>\n\t\t\t\t\t<\/div>\n\t\t\t\t\t<\/div>\n<\/div><\/div><div id=\"panel-158-0-2-2\" class=\"so-panel widget widget_sow-editor panel-last-child\" data-index=\"3\" ><div class=\"panel-widget-style panel-widget-style-for-158-0-2-2\" ><div\n\t\t\t\n\t\t\tclass=\"so-widget-sow-editor so-widget-sow-editor-base\"\n\t\t\t\n\t\t>\n<div class=\"siteorigin-widget-tinymce textwidget\">\n\t<p style=\"text-align: center;\"><span style=\"font-size: 14pt;\">Des instruments d'exception, mod\u00e8les uniques, tr\u00e8s r\u00e9sonants, hyper r\u00e9actifs aux doigts, vivants.<\/span><\/p>\n<p style=\"text-align: center;\"><span style=\"font-size: 14pt;\">Pour retrouver le toucher et l'expressivit\u00e9 d'instruments qui ont une \u00e2me.<\/span><\/p>\n<p>&nbsp;<\/p>\n<p style=\"text-align: center;\"><em><span style=\"font-size: 14pt;\">Some exceptional instruments, unique pieces, highly resonant, hyper responsive and full of life.<\/span><\/em><\/p>\n<p style=\"text-align: center;\"><em><span style=\"font-size: 14pt;\">To discover the touch of soulful instruments.<\/span><\/em><\/p>\n<\/div>\n<\/div><\/div><\/div><\/div><div id=\"pgc-158-0-3\"  class=\"panel-grid-cell panel-grid-cell-mobile-last\" ><div id=\"panel-158-0-3-0\" class=\"so-panel widget widget_sow-image panel-first-child panel-last-child\" data-index=\"4\" ><div\n\t\t\t\n\t\t\tclass=\"so-widget-sow-image so-widget-sow-image-default-8b5b6f678277-158\"\n\t\t\t\n\t\t>\n<div class=\"sow-image-container\">\n\t\t<img \n\tsrc=\"https:\/\/www.cyrilbouysse.com\/cbamp\/wp-content\/uploads\/sites\/6\/2020\/03\/DSCF7132c.jpg\" width=\"850\" height=\"567\" srcset=\"https:\/\/www.cyrilbouysse.com\/cbamp\/wp-content\/uploads\/sites\/6\/2020\/03\/DSCF7132c.jpg 850w, https:\/\/www.cyrilbouysse.com\/cbamp\/wp-content\/uploads\/sites\/6\/2020\/03\/DSCF7132c-300x200.jpg 300w, https:\/\/www.cyrilbouysse.com\/cbamp\/wp-content\/uploads\/sites\/6\/2020\/03\/DSCF7132c-768x512.jpg 768w, https:\/\/www.cyrilbouysse.com\/cbamp\/wp-content\/uploads\/sites\/6\/2020\/03\/DSCF7132c-600x400.jpg 600w, https:\/\/www.cyrilbouysse.com\/cbamp\/wp-content\/uploads\/sites\/6\/2020\/03\/DSCF7132c-650x434.jpg 650w, https:\/\/www.cyrilbouysse.com\/cbamp\/wp-content\/uploads\/sites\/6\/2020\/03\/DSCF7132c-272x182.jpg 272w\" sizes=\"(max-width: 850px) 100vw, 850px\" alt=\"\" \t\tclass=\"so-widget-image\"\/>\n\t<\/div>\n\n<\/div><\/div><\/div><div id=\"pgc-158-0-4\"  class=\"panel-grid-cell panel-grid-cell-empty\" ><\/div><\/div><div id=\"pg-158-1\"  class=\"panel-grid panel-no-style\" ><div id=\"pgc-158-1-0\"  class=\"panel-grid-cell panel-grid-cell-empty\" ><\/div><div id=\"pgc-158-1-1\"  class=\"panel-grid-cell\" ><div id=\"panel-158-1-1-0\" class=\"so-panel widget widget_sow-image panel-first-child panel-last-child\" data-index=\"5\" ><div class=\"panel-widget-style panel-widget-style-for-158-1-1-0\" ><div\n\t\t\t\n\t\t\tclass=\"so-widget-sow-image so-widget-sow-image-default-6ec9e3772f75-158\"\n\t\t\t\n\t\t>\n<div class=\"sow-image-container\">\n\t\t\t<a href=\"http:\/\/www.cyrilbouysse.com\/cbamp\/stream-o-caster-2021\/\"\n\t\t\t\t\t>\n\t\t\t<img \n\tsrc=\"https:\/\/www.cyrilbouysse.com\/cbamp\/wp-content\/uploads\/sites\/6\/2025\/03\/Streamocaster-c2.jpg\" width=\"1200\" height=\"800\" srcset=\"https:\/\/www.cyrilbouysse.com\/cbamp\/wp-content\/uploads\/sites\/6\/2025\/03\/Streamocaster-c2.jpg 1200w, https:\/\/www.cyrilbouysse.com\/cbamp\/wp-content\/uploads\/sites\/6\/2025\/03\/Streamocaster-c2-300x200.jpg 300w, https:\/\/www.cyrilbouysse.com\/cbamp\/wp-content\/uploads\/sites\/6\/2025\/03\/Streamocaster-c2-1024x683.jpg 1024w, https:\/\/www.cyrilbouysse.com\/cbamp\/wp-content\/uploads\/sites\/6\/2025\/03\/Streamocaster-c2-768x512.jpg 768w, https:\/\/www.cyrilbouysse.com\/cbamp\/wp-content\/uploads\/sites\/6\/2025\/03\/Streamocaster-c2-650x433.jpg 650w, https:\/\/www.cyrilbouysse.com\/cbamp\/wp-content\/uploads\/sites\/6\/2025\/03\/Streamocaster-c2-272x182.jpg 272w\" sizes=\"(max-width: 1200px) 100vw, 1200px\" title=\"Stream-O-Caster (2021)\" alt=\"\" \t\tclass=\"so-widget-image\"\/>\n\t\t\t<\/a><\/div>\n\n<h3 class=\"widget-title\">Stream-O-Caster (2021)<\/h3><\/div><\/div><\/div><\/div><div id=\"pgc-158-1-2\"  class=\"panel-grid-cell\" ><div id=\"panel-158-1-2-0\" class=\"so-panel widget widget_sow-image panel-first-child panel-last-child\" data-index=\"6\" ><div class=\"panel-widget-style panel-widget-style-for-158-1-2-0\" ><div\n\t\t\t\n\t\t\tclass=\"so-widget-sow-image so-widget-sow-image-default-6ec9e3772f75-158\"\n\t\t\t\n\t\t>\n<div class=\"sow-image-container\">\n\t\t\t<a href=\"http:\/\/www.cyrilbouysse.com\/cbamp\/tc-humbuckers-2021\/\"\n\t\t\t\t\t>\n\t\t\t<img \n\tsrc=\"https:\/\/www.cyrilbouysse.com\/cbamp\/wp-content\/uploads\/sites\/6\/2024\/09\/s-TeleHumbCp1.jpg\" width=\"1053\" height=\"700\" srcset=\"https:\/\/www.cyrilbouysse.com\/cbamp\/wp-content\/uploads\/sites\/6\/2024\/09\/s-TeleHumbCp1.jpg 1053w, https:\/\/www.cyrilbouysse.com\/cbamp\/wp-content\/uploads\/sites\/6\/2024\/09\/s-TeleHumbCp1-300x199.jpg 300w, https:\/\/www.cyrilbouysse.com\/cbamp\/wp-content\/uploads\/sites\/6\/2024\/09\/s-TeleHumbCp1-1024x681.jpg 1024w, https:\/\/www.cyrilbouysse.com\/cbamp\/wp-content\/uploads\/sites\/6\/2024\/09\/s-TeleHumbCp1-768x511.jpg 768w, https:\/\/www.cyrilbouysse.com\/cbamp\/wp-content\/uploads\/sites\/6\/2024\/09\/s-TeleHumbCp1-600x400.jpg 600w, https:\/\/www.cyrilbouysse.com\/cbamp\/wp-content\/uploads\/sites\/6\/2024\/09\/s-TeleHumbCp1-650x432.jpg 650w, https:\/\/www.cyrilbouysse.com\/cbamp\/wp-content\/uploads\/sites\/6\/2024\/09\/s-TeleHumbCp1-272x182.jpg 272w\" sizes=\"(max-width: 1053px) 100vw, 1053px\" title=\"TC Humbuckers (2021)\" alt=\"Telecaster Fender Deluxe PAF Tom Holmes custom\" \t\tclass=\"so-widget-image\"\/>\n\t\t\t<\/a><\/div>\n\n<h3 class=\"widget-title\">TC Humbuckers (2021)<\/h3><\/div><\/div><\/div><\/div><div id=\"pgc-158-1-3\"  class=\"panel-grid-cell panel-grid-cell-mobile-last\" ><div id=\"panel-158-1-3-0\" class=\"so-panel widget widget_sow-image panel-first-child panel-last-child\" data-index=\"7\" ><div class=\"panel-widget-style panel-widget-style-for-158-1-3-0\" ><div\n\t\t\t\n\t\t\tclass=\"so-widget-sow-image so-widget-sow-image-default-6ec9e3772f75-158\"\n\t\t\t\n\t\t>\n<div class=\"sow-image-container\">\n\t\t\t<a href=\"http:\/\/www.cyrilbouysse.com\/cbamp\/sunburst-59-2018\/\"\n\t\t\t\t\t>\n\t\t\t<img \n\tsrc=\"https:\/\/www.cyrilbouysse.com\/cbamp\/wp-content\/uploads\/sites\/6\/2023\/02\/Strat-Sunburst-cs4.jpg\" width=\"1143\" height=\"800\" srcset=\"https:\/\/www.cyrilbouysse.com\/cbamp\/wp-content\/uploads\/sites\/6\/2023\/02\/Strat-Sunburst-cs4.jpg 1143w, https:\/\/www.cyrilbouysse.com\/cbamp\/wp-content\/uploads\/sites\/6\/2023\/02\/Strat-Sunburst-cs4-300x210.jpg 300w, https:\/\/www.cyrilbouysse.com\/cbamp\/wp-content\/uploads\/sites\/6\/2023\/02\/Strat-Sunburst-cs4-1024x717.jpg 1024w, https:\/\/www.cyrilbouysse.com\/cbamp\/wp-content\/uploads\/sites\/6\/2023\/02\/Strat-Sunburst-cs4-768x538.jpg 768w, https:\/\/www.cyrilbouysse.com\/cbamp\/wp-content\/uploads\/sites\/6\/2023\/02\/Strat-Sunburst-cs4-650x455.jpg 650w\" sizes=\"(max-width: 1143px) 100vw, 1143px\" title=\"Sunburst 59\u2032 (2018)\" alt=\"Fender strat stratocaster sunburst vintage slab board serie L custom\" \t\tclass=\"so-widget-image\"\/>\n\t\t\t<\/a><\/div>\n\n<h3 class=\"widget-title\">Sunburst 59\u2032 (2018)<\/h3><\/div><\/div><\/div><\/div><div id=\"pgc-158-1-4\"  class=\"panel-grid-cell panel-grid-cell-empty\" ><\/div><\/div><div id=\"pg-158-2\"  class=\"panel-grid panel-no-style\" ><div id=\"pgc-158-2-0\"  class=\"panel-grid-cell panel-grid-cell-empty\" ><\/div><div id=\"pgc-158-2-1\"  class=\"panel-grid-cell\" ><div id=\"panel-158-2-1-0\" class=\"so-panel widget widget_sow-image panel-first-child panel-last-child\" data-index=\"8\" ><div class=\"panel-widget-style panel-widget-style-for-158-2-1-0\" ><div\n\t\t\t\n\t\t\tclass=\"so-widget-sow-image so-widget-sow-image-default-6ec9e3772f75-158\"\n\t\t\t\n\t\t>\n<div class=\"sow-image-container\">\n\t\t\t<a href=\"http:\/\/www.cyrilbouysse.com\/cbamp\/2014-lipsticks-strat\/\"\n\t\t\t\t\t>\n\t\t\t<img \n\tsrc=\"https:\/\/www.cyrilbouysse.com\/cbamp\/wp-content\/uploads\/sites\/6\/2019\/01\/DSCF7063s.jpg\" width=\"1134\" height=\"756\" srcset=\"https:\/\/www.cyrilbouysse.com\/cbamp\/wp-content\/uploads\/sites\/6\/2019\/01\/DSCF7063s.jpg 1134w, https:\/\/www.cyrilbouysse.com\/cbamp\/wp-content\/uploads\/sites\/6\/2019\/01\/DSCF7063s-300x200.jpg 300w, https:\/\/www.cyrilbouysse.com\/cbamp\/wp-content\/uploads\/sites\/6\/2019\/01\/DSCF7063s-768x512.jpg 768w, https:\/\/www.cyrilbouysse.com\/cbamp\/wp-content\/uploads\/sites\/6\/2019\/01\/DSCF7063s-1024x683.jpg 1024w, https:\/\/www.cyrilbouysse.com\/cbamp\/wp-content\/uploads\/sites\/6\/2019\/01\/DSCF7063s-600x400.jpg 600w, https:\/\/www.cyrilbouysse.com\/cbamp\/wp-content\/uploads\/sites\/6\/2019\/01\/DSCF7063s-650x433.jpg 650w, https:\/\/www.cyrilbouysse.com\/cbamp\/wp-content\/uploads\/sites\/6\/2019\/01\/DSCF7063s-272x182.jpg 272w\" sizes=\"(max-width: 1134px) 100vw, 1134px\" title=\"Lipsticks Strat (2014)\" alt=\"\" \t\tclass=\"so-widget-image\"\/>\n\t\t\t<\/a><\/div>\n\n<h3 class=\"widget-title\">Lipsticks Strat (2014)<\/h3><\/div><\/div><\/div><\/div><div id=\"pgc-158-2-2\"  class=\"panel-grid-cell\" ><div id=\"panel-158-2-2-0\" class=\"so-panel widget widget_sow-image panel-first-child panel-last-child\" data-index=\"9\" ><div class=\"panel-widget-style panel-widget-style-for-158-2-2-0\" ><div\n\t\t\t\n\t\t\tclass=\"so-widget-sow-image so-widget-sow-image-default-6ec9e3772f75-158\"\n\t\t\t\n\t\t>\n<div class=\"sow-image-container\">\n\t\t\t<a href=\"http:\/\/www.cyrilbouysse.com\/cbamp\/2014-strat-blond-61\/\"\n\t\t\t\t\t>\n\t\t\t<img \n\tsrc=\"https:\/\/www.cyrilbouysse.com\/cbamp\/wp-content\/uploads\/sites\/6\/2018\/11\/DSCF6814bXS.jpg\" width=\"567\" height=\"378\" srcset=\"https:\/\/www.cyrilbouysse.com\/cbamp\/wp-content\/uploads\/sites\/6\/2018\/11\/DSCF6814bXS.jpg 567w, https:\/\/www.cyrilbouysse.com\/cbamp\/wp-content\/uploads\/sites\/6\/2018\/11\/DSCF6814bXS-300x200.jpg 300w, https:\/\/www.cyrilbouysse.com\/cbamp\/wp-content\/uploads\/sites\/6\/2018\/11\/DSCF6814bXS-272x182.jpg 272w\" sizes=\"(max-width: 567px) 100vw, 567px\" title=\"Blond 61\u2032 (2014)\" alt=\"\" \t\tclass=\"so-widget-image\"\/>\n\t\t\t<\/a><\/div>\n\n<h3 class=\"widget-title\">Blond 61\u2032 (2014)<\/h3><\/div><\/div><\/div><\/div><div id=\"pgc-158-2-3\"  class=\"panel-grid-cell panel-grid-cell-mobile-last\" ><div id=\"panel-158-2-3-0\" class=\"so-panel widget widget_sow-image panel-first-child panel-last-child\" data-index=\"10\" ><div class=\"panel-widget-style panel-widget-style-for-158-2-3-0\" ><div\n\t\t\t\n\t\t\tclass=\"so-widget-sow-image so-widget-sow-image-default-6ec9e3772f75-158\"\n\t\t\t\n\t\t>\n<div class=\"sow-image-container\">\n\t\t\t<a href=\"http:\/\/www.cyrilbouysse.com\/cbamp\/2013-twang-o-caster\/\"\n\t\t\t\t\t>\n\t\t\t<img \n\tsrc=\"https:\/\/www.cyrilbouysse.com\/cbamp\/wp-content\/uploads\/sites\/6\/2017\/12\/wDSCF5032s.jpg\" width=\"709\" height=\"473\" srcset=\"https:\/\/www.cyrilbouysse.com\/cbamp\/wp-content\/uploads\/sites\/6\/2017\/12\/wDSCF5032s.jpg 709w, https:\/\/www.cyrilbouysse.com\/cbamp\/wp-content\/uploads\/sites\/6\/2017\/12\/wDSCF5032s-300x200.jpg 300w, https:\/\/www.cyrilbouysse.com\/cbamp\/wp-content\/uploads\/sites\/6\/2017\/12\/wDSCF5032s-600x400.jpg 600w, https:\/\/www.cyrilbouysse.com\/cbamp\/wp-content\/uploads\/sites\/6\/2017\/12\/wDSCF5032s-650x434.jpg 650w, https:\/\/www.cyrilbouysse.com\/cbamp\/wp-content\/uploads\/sites\/6\/2017\/12\/wDSCF5032s-272x182.jpg 272w\" sizes=\"(max-width: 709px) 100vw, 709px\" title=\"Twang-o-Caster (2013)\" alt=\"\" \t\tclass=\"so-widget-image\"\/>\n\t\t\t<\/a><\/div>\n\n<h3 class=\"widget-title\">Twang-o-Caster (2013)<\/h3><\/div><\/div><\/div><\/div><div id=\"pgc-158-2-4\"  class=\"panel-grid-cell panel-grid-cell-empty\" ><\/div><\/div><div id=\"pg-158-3\"  class=\"panel-grid panel-no-style\" ><div id=\"pgc-158-3-0\"  class=\"panel-grid-cell panel-grid-cell-empty\" ><\/div><div id=\"pgc-158-3-1\"  class=\"panel-grid-cell\" ><div id=\"panel-158-3-1-0\" class=\"so-panel widget widget_sow-image panel-first-child panel-last-child\" data-index=\"11\" ><div class=\"panel-widget-style panel-widget-style-for-158-3-1-0\" ><div\n\t\t\t\n\t\t\tclass=\"so-widget-sow-image so-widget-sow-image-default-6ec9e3772f75-158\"\n\t\t\t\n\t\t>\n<div class=\"sow-image-container\">\n\t\t\t<a href=\"http:\/\/www.cyrilbouysse.com\/cbamp\/2011-lightbearer\/\"\n\t\t\t\t\t>\n\t\t\t<img \n\tsrc=\"https:\/\/www.cyrilbouysse.com\/cbamp\/wp-content\/uploads\/sites\/6\/2023\/02\/Lightbearer1s.jpg\" width=\"556\" height=\"800\" srcset=\"https:\/\/www.cyrilbouysse.com\/cbamp\/wp-content\/uploads\/sites\/6\/2023\/02\/Lightbearer1s.jpg 556w, https:\/\/www.cyrilbouysse.com\/cbamp\/wp-content\/uploads\/sites\/6\/2023\/02\/Lightbearer1s-209x300.jpg 209w, https:\/\/www.cyrilbouysse.com\/cbamp\/wp-content\/uploads\/sites\/6\/2023\/02\/Lightbearer1s-452x650.jpg 452w\" sizes=\"(max-width: 556px) 100vw, 556px\" title=\"Lightbearer (2011)\" alt=\"Strat Stratocaster P90 set neck mahogany SG special Gibson acajou\" \t\tclass=\"so-widget-image\"\/>\n\t\t\t<\/a><\/div>\n\n<h3 class=\"widget-title\">Lightbearer (2011)<\/h3><\/div><\/div><\/div><\/div><div id=\"pgc-158-3-2\"  class=\"panel-grid-cell\" ><div id=\"panel-158-3-2-0\" class=\"so-panel widget widget_sow-image panel-first-child panel-last-child\" data-index=\"12\" ><div class=\"panel-widget-style panel-widget-style-for-158-3-2-0\" ><div\n\t\t\t\n\t\t\tclass=\"so-widget-sow-image so-widget-sow-image-default-6ec9e3772f75-158\"\n\t\t\t\n\t\t>\n<div class=\"sow-image-container\">\n\t\t\t<a href=\"http:\/\/www.cyrilbouysse.com\/cbamp\/2007-2012-black-beauty\/\"\n\t\t\t\t\t>\n\t\t\t<img \n\tsrc=\"https:\/\/www.cyrilbouysse.com\/cbamp\/wp-content\/uploads\/sites\/6\/2023\/02\/Strat-Black-1s.jpg\" width=\"618\" height=\"900\" srcset=\"https:\/\/www.cyrilbouysse.com\/cbamp\/wp-content\/uploads\/sites\/6\/2023\/02\/Strat-Black-1s.jpg 618w, https:\/\/www.cyrilbouysse.com\/cbamp\/wp-content\/uploads\/sites\/6\/2023\/02\/Strat-Black-1s-206x300.jpg 206w, https:\/\/www.cyrilbouysse.com\/cbamp\/wp-content\/uploads\/sites\/6\/2023\/02\/Strat-Black-1s-446x650.jpg 446w\" sizes=\"(max-width: 618px) 100vw, 618px\" title=\"Black Beauty (2007-2012)\" alt=\"Fender strat stratocaster maple black vintage hendrix 1968 custom\" \t\tclass=\"so-widget-image\"\/>\n\t\t\t<\/a><\/div>\n\n<h3 class=\"widget-title\">Black Beauty (2007-2012)<\/h3><\/div><\/div><\/div><\/div><div id=\"pgc-158-3-3\"  class=\"panel-grid-cell panel-grid-cell-mobile-last\" ><div id=\"panel-158-3-3-0\" class=\"so-panel widget widget_sow-image panel-first-child panel-last-child\" data-index=\"13\" ><div class=\"panel-widget-style panel-widget-style-for-158-3-3-0\" ><div\n\t\t\t\n\t\t\tclass=\"so-widget-sow-image so-widget-sow-image-default-6ec9e3772f75-158\"\n\t\t\t\n\t\t>\n<div class=\"sow-image-container\">\n\t\t\t<a href=\"http:\/\/www.cyrilbouysse.com\/cbamp\/1992-1996-comment-tout-a-commence\/\"\n\t\t\t\t\t>\n\t\t\t<img \n\tsrc=\"https:\/\/www.cyrilbouysse.com\/cbamp\/wp-content\/uploads\/sites\/6\/2016\/10\/PensaCB.jpg\" width=\"541\" height=\"792\" srcset=\"https:\/\/www.cyrilbouysse.com\/cbamp\/wp-content\/uploads\/sites\/6\/2016\/10\/PensaCB.jpg 541w, https:\/\/www.cyrilbouysse.com\/cbamp\/wp-content\/uploads\/sites\/6\/2016\/10\/PensaCB-205x300.jpg 205w, https:\/\/www.cyrilbouysse.com\/cbamp\/wp-content\/uploads\/sites\/6\/2016\/10\/PensaCB-444x650.jpg 444w\" sizes=\"(max-width: 541px) 100vw, 541px\" title=\"Comment tout a commenc\u00e9\u2026 (1992-1996)\" alt=\"\" \t\tclass=\"so-widget-image\"\/>\n\t\t\t<\/a><\/div>\n\n<h3 class=\"widget-title\">Comment tout a commenc\u00e9\u2026 (1992-1996)<\/h3><\/div><\/div><\/div><\/div><div id=\"pgc-158-3-4\"  class=\"panel-grid-cell panel-grid-cell-empty\" ><\/div><\/div><div id=\"pg-158-4\"  class=\"panel-grid panel-no-style\" ><div id=\"pgc-158-4-0\"  class=\"panel-grid-cell panel-grid-cell-empty\" ><\/div><div id=\"pgc-158-4-1\"  class=\"panel-grid-cell panel-grid-cell-mobile-last\" ><div id=\"panel-158-4-1-0\" class=\"so-panel widget widget_sow-editor panel-first-child panel-last-child\" data-index=\"14\" ><div class=\"panel-widget-style panel-widget-style-for-158-4-1-0\" ><div\n\t\t\t\n\t\t\tclass=\"so-widget-sow-editor so-widget-sow-editor-base\"\n\t\t\t\n\t\t>\n<div class=\"siteorigin-widget-tinymce textwidget\">\n\t<p><em><span style=\"font-size: 14pt;\">Les solid bodies doivent avant tout \u00eatre des instruments acoustiques qui \u00e0 vide r\u00e9v\u00e8lent d\u00e9j\u00e0 une grande personnalit\u00e9.<\/span><\/em><\/p>\n<p><em><span style=\"font-size: 14pt;\">Pour cela j'apporte tout le soin possible \u00e0 choisir le grain des bois, suivre leur fil et trouver la meilleure coupe.<\/span><\/em><\/p>\n<p><em><span style=\"font-size: 14pt;\">Des manches sur quartier, un minimum de collages pour favoriser la transmission des vibrations et toujours privil\u00e9gier dynamique et harmoniques.<\/span><\/em><\/p>\n<p><em><span style=\"font-size: 14pt;\">Parce que rien ne remplace le travail des mains.<\/span><\/em><\/p>\n<p><em><span style=\"font-size: 14pt;\">Micros vintage originaux lorsque cela est possible.<\/span><\/em><\/p>\n<p>&nbsp;<\/p>\n<p><span style=\"font-size: 14pt;\">Face au ras le bol de subir l'escroquerie des grandes marques qui ont clairement choisi le marketing et abandonn\u00e9 la qualit\u00e9, et pour la dimension initiatique qu'avaient bien compris les griots, fabriquez vos instruments\u00a0!<\/span><\/p>\n<\/div>\n<\/div><\/div><\/div><\/div><div id=\"pgc-158-4-2\"  class=\"panel-grid-cell panel-grid-cell-empty\" ><\/div><\/div><div id=\"pg-158-5\"  class=\"panel-grid panel-no-style\" ><div id=\"pgc-158-5-0\"  class=\"panel-grid-cell panel-grid-cell-empty\" ><\/div><div id=\"pgc-158-5-1\"  class=\"panel-grid-cell\" ><div id=\"panel-158-5-1-0\" class=\"so-panel widget widget_sow-image panel-first-child panel-last-child\" data-index=\"15\" ><div class=\"panel-widget-style panel-widget-style-for-158-5-1-0\" ><div\n\t\t\t\n\t\t\tclass=\"so-widget-sow-image so-widget-sow-image-default-6ec9e3772f75-158\"\n\t\t\t\n\t\t>\n<div class=\"sow-image-container\">\n\t\t<img \n\tsrc=\"https:\/\/www.cyrilbouysse.com\/cbamp\/wp-content\/uploads\/sites\/6\/2017\/02\/WDSCF2419s2.jpg\" width=\"567\" height=\"349\" srcset=\"https:\/\/www.cyrilbouysse.com\/cbamp\/wp-content\/uploads\/sites\/6\/2017\/02\/WDSCF2419s2.jpg 567w, https:\/\/www.cyrilbouysse.com\/cbamp\/wp-content\/uploads\/sites\/6\/2017\/02\/WDSCF2419s2-300x185.jpg 300w\" sizes=\"(max-width: 567px) 100vw, 567px\" alt=\"\" \t\tclass=\"so-widget-image\"\/>\n\t<\/div>\n\n<\/div><\/div><\/div><\/div><div id=\"pgc-158-5-2\"  class=\"panel-grid-cell\" ><div id=\"panel-158-5-2-0\" class=\"so-panel widget widget_sow-image panel-first-child panel-last-child\" data-index=\"16\" ><div class=\"panel-widget-style panel-widget-style-for-158-5-2-0\" ><div\n\t\t\t\n\t\t\tclass=\"so-widget-sow-image so-widget-sow-image-default-6ec9e3772f75-158\"\n\t\t\t\n\t\t>\n<div class=\"sow-image-container\">\n\t\t<img \n\tsrc=\"https:\/\/www.cyrilbouysse.com\/cbamp\/wp-content\/uploads\/sites\/6\/2016\/11\/WDSCF2426s-r-e1487113682543.jpg\" width=\"567\" height=\"349\" srcset=\"https:\/\/www.cyrilbouysse.com\/cbamp\/wp-content\/uploads\/sites\/6\/2016\/11\/WDSCF2426s-r-e1487113682543.jpg 567w, https:\/\/www.cyrilbouysse.com\/cbamp\/wp-content\/uploads\/sites\/6\/2016\/11\/WDSCF2426s-r-e1487113682543-300x185.jpg 300w\" sizes=\"(max-width: 567px) 100vw, 567px\" title=\"WDSCF2426s-r\" alt=\"\" \t\tclass=\"so-widget-image\"\/>\n\t<\/div>\n\n<\/div><\/div><\/div><\/div><div id=\"pgc-158-5-3\"  class=\"panel-grid-cell panel-grid-cell-mobile-last\" ><div id=\"panel-158-5-3-0\" class=\"so-panel widget widget_sow-image panel-first-child panel-last-child\" data-index=\"17\" ><div class=\"panel-widget-style panel-widget-style-for-158-5-3-0\" ><div\n\t\t\t\n\t\t\tclass=\"so-widget-sow-image so-widget-sow-image-default-6ec9e3772f75-158\"\n\t\t\t\n\t\t>\n<div class=\"sow-image-container\">\n\t\t<img \n\tsrc=\"https:\/\/www.cyrilbouysse.com\/cbamp\/wp-content\/uploads\/sites\/6\/2017\/02\/WDSCF2410sp.jpg\" width=\"567\" height=\"349\" srcset=\"https:\/\/www.cyrilbouysse.com\/cbamp\/wp-content\/uploads\/sites\/6\/2017\/02\/WDSCF2410sp.jpg 567w, https:\/\/www.cyrilbouysse.com\/cbamp\/wp-content\/uploads\/sites\/6\/2017\/02\/WDSCF2410sp-300x185.jpg 300w\" sizes=\"(max-width: 567px) 100vw, 567px\" alt=\"\" \t\tclass=\"so-widget-image\"\/>\n\t<\/div>\n\n<\/div><\/div><\/div><\/div><div id=\"pgc-158-5-4\"  class=\"panel-grid-cell panel-grid-cell-empty\" ><\/div><\/div><\/div>","protected":false},"excerpt":{"rendered":"<p>Guitares Des instruments d&rsquo;exception, mod\u00e8les uniques, tr\u00e8s r\u00e9sonants, hyper r\u00e9actifs aux doigts, vivants. Pour retrouver le toucher et l&rsquo;expressivit\u00e9 d&rsquo;instruments qui ont une \u00e2me. &nbsp; Some exceptional instruments, unique pieces, highly resonant, hyper responsive and full of life. To discover the touch of soulful instruments.<\/p>\n","protected":false},"author":1,"featured_media":0,"parent":0,"menu_order":0,"comment_status":"closed","ping_status":"closed","template":"","meta":{"footnotes":""},"class_list":["post-158","page","type-page","status-publish","hentry","post"],"_links":{"self":[{"href":"https:\/\/www.cyrilbouysse.com\/cbamp\/wp-json\/wp\/v2\/pages\/158","targetHints":{"allow":["GET"]}}],"collection":[{"href":"https:\/\/www.cyrilbouysse.com\/cbamp\/wp-json\/wp\/v2\/pages"}],"about":[{"href":"https:\/\/www.cyrilbouysse.com\/cbamp\/wp-json\/wp\/v2\/types\/page"}],"author":[{"embeddable":true,"href":"https:\/\/www.cyrilbouysse.com\/cbamp\/wp-json\/wp\/v2\/users\/1"}],"replies":[{"embeddable":true,"href":"https:\/\/www.cyrilbouysse.com\/cbamp\/wp-json\/wp\/v2\/comments?post=158"}],"version-history":[{"count":68,"href":"https:\/\/www.cyrilbouysse.com\/cbamp\/wp-json\/wp\/v2\/pages\/158\/revisions"}],"predecessor-version":[{"id":3045,"href":"https:\/\/www.cyrilbouysse.com\/cbamp\/wp-json\/wp\/v2\/pages\/158\/revisions\/3045"}],"wp:attachment":[{"href":"https:\/\/www.cyrilbouysse.com\/cbamp\/wp-json\/wp\/v2\/media?parent=158"}],"curies":[{"name":"wp","href":"https:\/\/api.w.org\/{rel}","templated":true}]}}