{"id":7,"date":"2016-11-08T20:04:34","date_gmt":"2016-11-08T19:04:34","guid":{"rendered":"http:\/\/www.cyrilbouysse.com\/fairesens\/?page_id=7"},"modified":"2025-07-20T02:26:16","modified_gmt":"2025-07-20T00:26:16","slug":"7-2","status":"publish","type":"page","link":"http:\/\/www.cyrilbouysse.com\/fairesens\/","title":{"rendered":"HomeSens"},"content":{"rendered":"<div id=\"pl-7\"  class=\"panel-layout\" ><div id=\"pg-7-0\"  class=\"panel-grid panel-no-style\" ><div id=\"pgc-7-0-0\"  class=\"panel-grid-cell panel-grid-cell-empty\" ><\/div><div id=\"pgc-7-0-1\"  class=\"panel-grid-cell\" ><div class=\"so-rounded panel-cell-style panel-cell-style-for-7-0-1\" ><div id=\"panel-7-0-1-0\" class=\"so-panel widget widget_sow-headline panel-first-child\" data-index=\"0\" ><div class=\"panel-widget-style panel-widget-style-for-7-0-1-0\" ><div\n\t\t\t\n\t\t\tclass=\"so-widget-sow-headline so-widget-sow-headline-default-149bf283a91c-7\"\n\t\t\t\n\t\t><div class=\"sow-headline-container \">\n\t\t\t\t\t\t\t<h1 class=\"sow-headline\">\n\t\t\t\t\t\tConf\u00e9rences spectacles\t\t\t\t\t\t<\/h1>\n\t\t\t\t\t\t\t\t\t\t\t<div class=\"decoration\">\n\t\t\t\t\t\t<div class=\"decoration-inside\"><\/div>\n\t\t\t\t\t<\/div>\n\t\t\t\t\t<\/div>\n<\/div><\/div><\/div><div id=\"panel-7-0-1-1\" class=\"so-panel widget widget_sow-image\" data-index=\"1\" ><div\n\t\t\t\n\t\t\tclass=\"so-widget-sow-image so-widget-sow-image-default-3a2476c0e107-7\"\n\t\t\t\n\t\t>\n<div class=\"sow-image-container\">\n\t\t\t<a href=\"http:\/\/www.cyrilbouysse.com\/fairesens\/confsbluesrock\/\"\n\t\t\t\t\t>\n\t\t\t<img \n\tsrc=\"http:\/\/www.cyrilbouysse.com\/fairesens\/wp-content\/uploads\/sites\/7\/2025\/07\/Compo-BNRB.jpg\" width=\"800\" height=\"800\" srcset=\"http:\/\/www.cyrilbouysse.com\/fairesens\/wp-content\/uploads\/sites\/7\/2025\/07\/Compo-BNRB.jpg 800w, http:\/\/www.cyrilbouysse.com\/fairesens\/wp-content\/uploads\/sites\/7\/2025\/07\/Compo-BNRB-300x300.jpg 300w, http:\/\/www.cyrilbouysse.com\/fairesens\/wp-content\/uploads\/sites\/7\/2025\/07\/Compo-BNRB-150x150.jpg 150w, http:\/\/www.cyrilbouysse.com\/fairesens\/wp-content\/uploads\/sites\/7\/2025\/07\/Compo-BNRB-768x768.jpg 768w, http:\/\/www.cyrilbouysse.com\/fairesens\/wp-content\/uploads\/sites\/7\/2025\/07\/Compo-BNRB-650x650.jpg 650w, http:\/\/www.cyrilbouysse.com\/fairesens\/wp-content\/uploads\/sites\/7\/2025\/07\/Compo-BNRB-375x375.jpg 375w\" sizes=\"(max-width: 800px) 100vw, 800px\" alt=\"\" \t\tclass=\"so-widget-image\"\/>\n\t\t\t<\/a><\/div>\n\n<\/div><\/div><div id=\"panel-7-0-1-2\" class=\"so-panel widget widget_sow-editor\" data-index=\"2\" ><div class=\"panel-widget-style panel-widget-style-for-7-0-1-2\" ><div\n\t\t\t\n\t\t\tclass=\"so-widget-sow-editor so-widget-sow-editor-base\"\n\t\t\t\n\t\t>\n<div class=\"siteorigin-widget-tinymce textwidget\">\n\t<p lang=\"fr-FR\" style=\"text-align: center;\"><span style=\"font-size: 14pt;\">Trois pr\u00e9sentations de musiques qui ont irrigu\u00e9 toutes nos soci\u00e9t\u00e9s. Plong\u00e9es approfondies, virevoltantes et \u00e9clair\u00e9es, qui relient intellectuel et sensoriel.<br \/>\nPlus d'informations en cliquant sur l'image.<\/span><\/p>\n<h2 lang=\"fr-FR\"><u>Prochaines repr\u00e9sentations :<\/u><\/h2>\n<h3 lang=\"fr-FR\"><em><strong>\u00a0 \u00a0 2025 :<\/strong><\/em><\/h3>\n<p><strong>\u2022 25 Octobre :<\/strong> Cherbourg en Cotentin (50) - Biblioth\u00e8que Jacques Pr\u00e9vert - 15h<\/p>\n<h3 lang=\"fr-FR\"><em><strong>\u00a0\u00a0\u00a0 2024 :<\/strong><\/em><\/h3>\n<p><strong>\u2022 12 Octobre :<\/strong> Cherbourg en Cotentin (50) - Biblioth\u00e8que Jacques Pr\u00e9vert - 15h\u00a0 -\u00a0 <a href=\"https:\/\/www.calameo.com\/read\/005693751696793062a19?page=1\">Programme<\/a><\/p>\n<h3 lang=\"fr-FR\"><em><strong>\u00a0\u00a0\u00a0\u00a0 2021 :<\/strong><\/em><\/h3>\n<p><strong>\u2022 20 Novembre :<\/strong> Montfort sur Meu (35) - M\u00e9diath\u00e8que, dans le cadre du <a href=\"https:\/\/roazhonblues.wordpress.com\/edition-2020\/\">Montfort Blues Festival<\/a><\/p>\n<p><strong>\u2022 13 Novembre :<\/strong> Pac\u00e9 (35) - M\u00e9diath\u00e8que, 17h<\/p>\n<h3 lang=\"fr-FR\"><em><strong>\u00a0\u00a0\u00a0\u00a0\u00a0 2020 :<\/strong><\/em><\/h3>\n<p><strong>\u2022 21 Novembre :<\/strong> Montfort sur Meu (35) - M\u00e9diath\u00e8que, dans le cadre du <a href=\"https:\/\/roazhonblues.wordpress.com\/edition-2020\/\">Montfort Blues Festival<\/a><\/p>\n<p><strong>\u2022 17 Novembre :<\/strong> Pac\u00e9 (35) - M\u00e9diath\u00e8que, 17h<\/p>\n<p><strong>\u2022 18 Janvier : <\/strong>Augan (56) - <a href=\"https:\/\/lechampcommun.fr\/\">Le Champ Commun<\/a> : 3\u00e8me partie, La Vision d'en France.<\/p>\n<h3 lang=\"fr-FR\">\u00a0\u00a0\u00a0\u00a0\u00a0 <em><strong>2019 :<\/strong><\/em><\/h3>\n<p lang=\"fr-FR\"><strong>\u2022 7 D\u00e9cembre : <\/strong>Augan (56) - <a href=\"https:\/\/lechampcommun.fr\/\">Le Champ Commun<\/a> : 2\u00e8me partie, Rock Blanc.<\/p>\n<p lang=\"fr-FR\"><strong>\u2022 9 Novembre :<\/strong> Augan (56) - <a href=\"https:\/\/lechampcommun.fr\/\">Le Champ Commun<\/a> : 1\u00e8re partie, Blues Noir.<strong><br \/>\n<\/strong><\/p>\n<p lang=\"fr-FR\"><strong>\u2022 6 Juillet :<\/strong> Gramat (46) - <a href=\"http:\/\/www.cinematelier.fr\/\">Cin\u00e9ma Atelier<\/a>, conf\u00e9rence autour du film \"Eric Claption, Blues in 12 Bars\", dans le cadre du <a href=\"https:\/\/www.cahorsbluesfestival.com\/newpage6ada7f4a\">Cahors Blues Festival<\/a> - 19h.<\/p>\n<p lang=\"fr-FR\"><strong>\u2022 19 Avril<\/strong> : Limeil Br\u00e9vannes - UIA Val de Marne : 3\u00e8me partie, La Vision d'en France.<\/p>\n<p lang=\"fr-FR\"><strong>\u2022 16 Avril <\/strong>: Sucy en Brie - UIA Val de Marne : 2\u00e8me partie, Rock Blanc<\/p>\n<p lang=\"fr-FR\"><strong>\u2022 12 Avril<\/strong> : Boissy St L\u00e9ger - UIA Val de Marne : 1\u00e8re partie, Blues Noir.<\/p>\n<p lang=\"fr-FR\"><strong>\u2022 4 Mars<\/strong> : Le Palais - Belle Ile : 2\u00e8me partie, Rock Blanc.<\/p>\n<p lang=\"fr-FR\"><strong>\u2022 25 F\u00e9vrier<\/strong> : Le Palais - Belle Ile : 1\u00e8re partie, Blues Noir.<\/p>\n<h3 lang=\"fr-FR\">\u00a0\u00a0\u00a0\u00a0\u00a0 <em><strong>2018 :<\/strong><\/em><\/h3>\n<p lang=\"fr-FR\"><strong>\u2022 7 Juillet<\/strong> : Limoges - Biblioth\u00e8que Francophone Multimedia.<\/p>\n<p><strong>\u2022 14 Avril<\/strong> : Au Fabuleux Destin - Aubusson (23) - La vision d'en France.\u00a0\u00a0 <a href=\"http:\/\/lefabuleuxdestin.e-monsite.com\/pages\/au-programme-cette-semaine.html\">Infos<\/a><\/p>\n<p><strong>\u2022 24 F\u00e9vrier<\/strong> : Au Fabuleux Destin - Aubusson (23) - Rock Blanc.\u00a0\u00a0\u00a0 <a href=\"http:\/\/lefabuleuxdestin.e-monsite.com\/pages\/au-programme-cette-semaine.html\">Infos<\/a><\/p>\n<p><strong>\u2022 8 F\u00e9vrier<\/strong> : Au Fabuleux Destin - Aubusson (23) - Blues Noir.\u00a0\u00a0\u00a0 <a href=\"http:\/\/lefabuleuxdestin.e-monsite.com\/pages\/au-programme-cette-semaine.html\">Infos<\/a><\/p>\n<\/div>\n<\/div><\/div><\/div><div id=\"panel-7-0-1-3\" class=\"so-panel widget widget_sow-headline panel-last-child\" data-index=\"3\" ><div\n\t\t\t\n\t\t\tclass=\"so-widget-sow-headline so-widget-sow-headline-default-7c63d43b08e1-7\"\n\t\t\t\n\t\t><div class=\"sow-headline-container \">\n\t\t\t\t\t\t<div class=\"decoration\">\n\t\t\t\t\t\t<div class=\"decoration-inside\"><\/div>\n\t\t\t\t\t<\/div>\n\t\t\t\t\t<\/div>\n<\/div><\/div><\/div><\/div><div id=\"pgc-7-0-2\"  class=\"panel-grid-cell panel-grid-cell-empty\" ><\/div><div id=\"pgc-7-0-3\"  class=\"panel-grid-cell panel-grid-cell-mobile-last\" ><div class=\"so-rounded panel-cell-style panel-cell-style-for-7-0-3\" ><div id=\"panel-7-0-3-0\" class=\"so-panel widget widget_sow-headline panel-first-child\" data-index=\"4\" ><div\n\t\t\t\n\t\t\tclass=\"so-widget-sow-headline so-widget-sow-headline-default-149bf283a91c-7\"\n\t\t\t\n\t\t><div class=\"sow-headline-container \">\n\t\t\t\t\t\t\t<h1 class=\"sow-headline\">\n\t\t\t\t\t\tEcrits, billets et r\u00e9flexions\t\t\t\t\t\t<\/h1>\n\t\t\t\t\t\t\t\t\t\t\t<div class=\"decoration\">\n\t\t\t\t\t\t<div class=\"decoration-inside\"><\/div>\n\t\t\t\t\t<\/div>\n\t\t\t\t\t<\/div>\n<\/div><\/div><div id=\"panel-7-0-3-1\" class=\"so-panel widget widget_sow-image\" data-index=\"5\" ><div\n\t\t\t\n\t\t\tclass=\"so-widget-sow-image so-widget-sow-image-default-c67d20f9f743-7\"\n\t\t\t\n\t\t>\n<div class=\"sow-image-container\">\n\t\t\t<a href=\"http:\/\/www.cyrilbouysse.com\/fairesens\/2018\/05\/05\/edito-10-ans-plus-tot\/\"\n\t\t\t\t\t>\n\t\t\t<img \n\tsrc=\"http:\/\/www.cyrilbouysse.com\/fairesens\/wp-content\/uploads\/sites\/7\/2016\/11\/SomSensS.jpg\" width=\"567\" height=\"425\" srcset=\"http:\/\/www.cyrilbouysse.com\/fairesens\/wp-content\/uploads\/sites\/7\/2016\/11\/SomSensS.jpg 567w, http:\/\/www.cyrilbouysse.com\/fairesens\/wp-content\/uploads\/sites\/7\/2016\/11\/SomSensS-300x225.jpg 300w\" sizes=\"(max-width: 567px) 100vw, 567px\" title=\"somsenss\" alt=\"\" \t\tclass=\"so-widget-image\"\/>\n\t\t\t<\/a><\/div>\n\n<\/div><\/div><div id=\"panel-7-0-3-2\" class=\"so-panel widget widget_sow-editor\" data-index=\"6\" ><div class=\"panel-widget-style panel-widget-style-for-7-0-3-2\" ><div\n\t\t\t\n\t\t\tclass=\"so-widget-sow-editor so-widget-sow-editor-base\"\n\t\t\t\n\t\t>\n<div class=\"siteorigin-widget-tinymce textwidget\">\n\t<p style=\"text-align: center;\"><span style=\"font-size: 14pt;\">- C'est un blog, c'est ici -<\/span><\/p>\n<\/div>\n<\/div><\/div><\/div><div id=\"panel-7-0-3-3\" class=\"so-panel widget widget_sow-headline panel-last-child\" data-index=\"7\" ><div\n\t\t\t\n\t\t\tclass=\"so-widget-sow-headline so-widget-sow-headline-default-4b29f56a360d-7\"\n\t\t\t\n\t\t><div class=\"sow-headline-container \">\n\t\t\t\t\t\t<div class=\"decoration\">\n\t\t\t\t\t\t<div class=\"decoration-inside\"><\/div>\n\t\t\t\t\t<\/div>\n\t\t\t\t\t<\/div>\n<\/div><\/div><\/div><\/div><div id=\"pgc-7-0-4\"  class=\"panel-grid-cell panel-grid-cell-empty\" ><\/div><\/div><\/div>","protected":false},"excerpt":{"rendered":"<p>Trois pr\u00e9sentations de musiques qui ont irrigu\u00e9 toutes nos soci\u00e9t\u00e9s. Plong\u00e9es approfondies, virevoltantes et \u00e9clair\u00e9es, qui relient intellectuel et sensoriel. Plus d&rsquo;informations en cliquant sur l&rsquo;image. Prochaines repr\u00e9sentations : \u00a0 \u00a0 2025 : \u2022 25 Octobre : Cherbourg en Cotentin (50) &#8211; Biblioth\u00e8que Jacques Pr\u00e9vert &#8211; 15h \u00a0\u00a0\u00a0 2024 : \u2022 12 Octobre : Cherbourg [&hellip;]<\/p>\n","protected":false},"author":1,"featured_media":0,"parent":0,"menu_order":0,"comment_status":"closed","ping_status":"closed","template":"","meta":{"footnotes":""},"class_list":["post-7","page","type-page","status-publish","hentry","post"],"_links":{"self":[{"href":"http:\/\/www.cyrilbouysse.com\/fairesens\/wp-json\/wp\/v2\/pages\/7","targetHints":{"allow":["GET"]}}],"collection":[{"href":"http:\/\/www.cyrilbouysse.com\/fairesens\/wp-json\/wp\/v2\/pages"}],"about":[{"href":"http:\/\/www.cyrilbouysse.com\/fairesens\/wp-json\/wp\/v2\/types\/page"}],"author":[{"embeddable":true,"href":"http:\/\/www.cyrilbouysse.com\/fairesens\/wp-json\/wp\/v2\/users\/1"}],"replies":[{"embeddable":true,"href":"http:\/\/www.cyrilbouysse.com\/fairesens\/wp-json\/wp\/v2\/comments?post=7"}],"version-history":[{"count":74,"href":"http:\/\/www.cyrilbouysse.com\/fairesens\/wp-json\/wp\/v2\/pages\/7\/revisions"}],"predecessor-version":[{"id":21,"href":"http:\/\/www.cyrilbouysse.com\/fairesens\/wp-json\/wp\/v2\/pages\/7\/revisions\/21"}],"wp:attachment":[{"href":"http:\/\/www.cyrilbouysse.com\/fairesens\/wp-json\/wp\/v2\/media?parent=7"}],"curies":[{"name":"wp","href":"https:\/\/api.w.org\/{rel}","templated":true}]}}