{"id":25,"date":"2016-11-09T14:39:18","date_gmt":"2016-11-09T13:39:18","guid":{"rendered":"http:\/\/www.cyrilbouysse.com\/fairesens\/?page_id=25"},"modified":"2026-03-31T12:57:59","modified_gmt":"2026-03-31T10:57:59","slug":"confsbluesrock","status":"publish","type":"page","link":"http:\/\/www.cyrilbouysse.com\/fairesens\/confsbluesrock\/","title":{"rendered":"ConfsBluesRock"},"content":{"rendered":"<div id=\"pl-25\"  class=\"panel-layout\" ><div id=\"pg-25-0\"  class=\"panel-grid panel-no-style\" ><div id=\"pgc-25-0-0\"  class=\"panel-grid-cell\" ><div id=\"panel-25-0-0-0\" class=\"so-panel widget widget_sow-headline panel-first-child panel-last-child\" data-index=\"0\" ><div\n\t\t\t\n\t\t\tclass=\"so-widget-sow-headline so-widget-sow-headline-default-3d4285e6e903-25\"\n\t\t\t\n\t\t><div class=\"sow-headline-container \">\n\t\t\t\t\t\t\t<h1 class=\"sow-headline\">\n\t\t\t\t\t\tBlues Noir, Rock Blanc : Histoires d'\u00e9mancipation\t\t\t\t\t\t<\/h1>\n\t\t\t\t\t\t\t\t\t\t\t<div class=\"decoration\">\n\t\t\t\t\t\t<div class=\"decoration-inside\"><\/div>\n\t\t\t\t\t<\/div>\n\t\t\t\t\t<\/div>\n<\/div><\/div><\/div><\/div><div id=\"pg-25-1\"  class=\"panel-grid panel-no-style\" ><div id=\"pgc-25-1-0\"  class=\"panel-grid-cell panel-grid-cell-empty\" ><\/div><div id=\"pgc-25-1-1\"  class=\"panel-grid-cell\" ><div id=\"panel-25-1-1-0\" class=\"so-panel widget widget_sow-image panel-first-child panel-last-child\" data-index=\"1\" ><div\n\t\t\t\n\t\t\tclass=\"so-widget-sow-image so-widget-sow-image-default-8b5b6f678277-25\"\n\t\t\t\n\t\t>\n<div class=\"sow-image-container\">\n\t\t<img \n\tsrc=\"http:\/\/www.cyrilbouysse.com\/fairesens\/wp-content\/uploads\/sites\/7\/2025\/07\/Compo-BNRB.jpg\" width=\"800\" height=\"800\" srcset=\"http:\/\/www.cyrilbouysse.com\/fairesens\/wp-content\/uploads\/sites\/7\/2025\/07\/Compo-BNRB.jpg 800w, http:\/\/www.cyrilbouysse.com\/fairesens\/wp-content\/uploads\/sites\/7\/2025\/07\/Compo-BNRB-300x300.jpg 300w, http:\/\/www.cyrilbouysse.com\/fairesens\/wp-content\/uploads\/sites\/7\/2025\/07\/Compo-BNRB-150x150.jpg 150w, http:\/\/www.cyrilbouysse.com\/fairesens\/wp-content\/uploads\/sites\/7\/2025\/07\/Compo-BNRB-768x768.jpg 768w, http:\/\/www.cyrilbouysse.com\/fairesens\/wp-content\/uploads\/sites\/7\/2025\/07\/Compo-BNRB-650x650.jpg 650w, http:\/\/www.cyrilbouysse.com\/fairesens\/wp-content\/uploads\/sites\/7\/2025\/07\/Compo-BNRB-375x375.jpg 375w\" sizes=\"(max-width: 800px) 100vw, 800px\" alt=\"\" \t\tclass=\"so-widget-image\"\/>\n\t<\/div>\n\n<\/div><\/div><\/div><div id=\"pgc-25-1-2\"  class=\"panel-grid-cell panel-grid-cell-mobile-last\" ><div id=\"panel-25-1-2-0\" class=\"so-panel widget widget_sow-editor panel-first-child panel-last-child\" data-index=\"2\" ><div class=\"panel-widget-style panel-widget-style-for-25-1-2-0\" ><div\n\t\t\t\n\t\t\tclass=\"so-widget-sow-editor so-widget-sow-editor-base\"\n\t\t\t\n\t\t>\n<div class=\"siteorigin-widget-tinymce textwidget\">\n\t<p>&nbsp;<\/p>\n<p lang=\"fr-FR\" align=\"JUSTIFY\"><span style=\"color: #ededed; font-size: 14pt;\">\u00ab\u00a0Eh, on se fait un blues\u00a0? Allez, un p'tit blues l\u00e0...\u00a0\u00bb<\/span><\/p>\n<p lang=\"fr-FR\" align=\"JUSTIFY\"><span style=\"color: #ededed; font-size: 14pt;\">\u00ab\u00a0Ah ouais, le blues... I love you baby, baby I love you ! Mouais... Le jazz plut\u00f4t quand m\u00eame. \u00bb<\/span><\/p>\n<p lang=\"fr-FR\" align=\"JUSTIFY\"><span style=\"color: #ededed; font-size: 14pt;\">\u00ab\u00a0Woh l'aut'\u00a0!... Y sait m\u00eame pas faire tourner un blues\u00a0!\u00a0\u00bb<\/span><\/p>\n<p lang=\"fr-FR\" align=\"JUSTIFY\"><span style=\"color: #ededed; font-size: 14pt;\">Pourquoi ai-je toujours eu du mal avec ces phrases\u00a0? Pourquoi me suis-je toujours senti si mal \u00e0 l'aise en entendant des gens, des musiciens dire \u00e7a\u00a0? On ne joue pas un blues... Normalement, on joue le blues. Ou on l'joue pas.<\/span><\/p>\n<p lang=\"fr-FR\" align=\"JUSTIFY\"><span style=\"color: #ededed; font-size: 14pt;\">Mais autour de moi il semblait souvent plus important de se mesurer en alignant des notes bien en place sur 12 mesures que de comprendre ce que disait le blues. Quant \u00e0 raconter quelque chose en le jouant... Pas \u00e9tonnant que beaucoup trouvent le blues ennuyeux. Moi il me semblait ressentir ce qui innervait ces voix noires, une sensualit\u00e9 bien s\u00fbr mais aussi et surtout le combat, et tous les non dits. Pas pleurnichard le blues.<\/span><\/p>\n<\/div>\n<\/div><\/div><\/div><\/div><div id=\"pgc-25-1-3\"  class=\"panel-grid-cell panel-grid-cell-empty\" ><\/div><\/div><div id=\"pg-25-2\"  class=\"panel-grid panel-no-style\" ><div id=\"pgc-25-2-0\"  class=\"panel-grid-cell panel-grid-cell-empty\" ><\/div><div id=\"pgc-25-2-1\"  class=\"panel-grid-cell panel-grid-cell-mobile-last\" ><div id=\"panel-25-2-1-0\" class=\"so-panel widget widget_sow-editor panel-first-child panel-last-child\" data-index=\"3\" ><div class=\"panel-widget-style panel-widget-style-for-25-2-1-0\" ><div\n\t\t\t\n\t\t\tclass=\"so-widget-sow-editor so-widget-sow-editor-base\"\n\t\t\t\n\t\t>\n<div class=\"siteorigin-widget-tinymce textwidget\">\n\t<p lang=\"fr-FR\" align=\"JUSTIFY\"><span style=\"color: #ededed; font-size: 14pt;\">Et que s'est-il pass\u00e9 lorsque le rock\u00a0a envahi la plan\u00e8te ? Une musique culturellement plus proche de nous, mais que racontait-elle alors, et qu'en a-t-on gard\u00e9\u00a0? Qu'avons nous re\u00e7u, nous fran\u00e7ais, de ces musiques issues de cultures complexes et de langues diff\u00e9rentes\u00a0? Blues, Rock, ces musiques ont <i>du sens<\/i>, souvent cach\u00e9, et elles mettent <i>les sens<\/i> en exergue. Elles avaient r\u00e9ussi \u00e0 relier le perceptuel et l'intellectuel, \u00e0 nous relier \u00e0 nous, et entre nous, et par la danse \u00e0 nous relier \u00e0 la terre.<\/span><\/p>\n<\/div>\n<\/div><\/div><\/div><\/div><div id=\"pgc-25-2-2\"  class=\"panel-grid-cell panel-grid-cell-empty\" ><\/div><\/div><div id=\"pg-25-3\"  class=\"panel-grid panel-no-style\" ><div id=\"pgc-25-3-0\"  class=\"panel-grid-cell panel-grid-cell-empty\" ><\/div><div id=\"pgc-25-3-1\"  class=\"panel-grid-cell panel-grid-cell-mobile-last\" ><div id=\"panel-25-3-1-0\" class=\"so-panel widget widget_sow-editor panel-first-child panel-last-child\" data-index=\"4\" ><div class=\"panel-widget-style panel-widget-style-for-25-3-1-0\" ><div\n\t\t\t\n\t\t\tclass=\"so-widget-sow-editor so-widget-sow-editor-base\"\n\t\t\t\n\t\t>\n<div class=\"siteorigin-widget-tinymce textwidget\">\n\t<p lang=\"fr-FR\" align=\"JUSTIFY\"><span style=\"color: #ededed; font-size: 14pt;\">Depuis plus de 30 ans, le Minist\u00e8re de la Culture fran\u00e7ais utilise un terme pour qualifier ces courants et ses successeurs : les Musiques Actuelles. Pour les ent\u00e9riner (ou pour les enterrer ?) on a d\u00e9velopp\u00e9 des salles de Musiques Actuelles, des classes de Musiques Actuelles. Et dans ce sillage, on voit fleurir des conf\u00e9rences sur l'oxymore suivant : \u00ab l'histoire des Musiques Actuelles \u00bb. Je me suis souvent agac\u00e9 devant ces pr\u00e9sentations tant\u00f4t na\u00efves ou idol\u00e2tres, d\u00e9votes ou exalt\u00e9es, mais souvent tr\u00e8s loin des r\u00e9alit\u00e9s de ces musiques. Trop d'interventions les pr\u00e9sentent dans une banale \u00e9num\u00e9ration, un catalogue d'artistes et de courants. Ou bien on subit une triste analyse stylistique, ou un show \u00e0 l'humour faussement complice.<\/span><\/p>\n<\/div>\n<\/div><\/div><\/div><\/div><div id=\"pgc-25-3-2\"  class=\"panel-grid-cell panel-grid-cell-empty\" ><\/div><\/div><div id=\"pg-25-4\"  class=\"panel-grid panel-no-style\" ><div id=\"pgc-25-4-0\"  class=\"panel-grid-cell panel-grid-cell-empty\" ><\/div><div id=\"pgc-25-4-1\"  class=\"panel-grid-cell panel-grid-cell-mobile-last\" ><div id=\"panel-25-4-1-0\" class=\"so-panel widget widget_sow-editor panel-first-child panel-last-child\" data-index=\"5\" ><div\n\t\t\t\n\t\t\tclass=\"so-widget-sow-editor so-widget-sow-editor-base\"\n\t\t\t\n\t\t>\n<div class=\"siteorigin-widget-tinymce textwidget\">\n\t<p lang=\"fr-FR\" align=\"JUSTIFY\"><span style=\"color: #ededed; font-size: 14pt;\">Alors plut\u00f4t que de continuer \u00e0 r\u00e2ler dans mon coin, je me suis d\u00e9cid\u00e9 \u00e0 rassembler mes exp\u00e9riences de musicien, de prof de guitare, mes s\u00e9jours aux racines de ces musiques et mon travail de socio histoire en partenariat avec le CNRS, afin de proposer une parole assez diff\u00e9rente de celle habituellement entendue en France, ceci pour ne pas laisser la place \u00e0 un discours simpliste et normalisant. Et pour \u00eatre juste avec ces musiques qui par leur inscription dans la vie se sont oppos\u00e9es aux institutions, j'ai tenu \u00e0 garder ces pr\u00e9sentations les plus vivantes possible. Extraits sonores, vid\u00e9o, jeu en live pour souligner des exp\u00e9riences de vie sensibles des musiciens qui ont port\u00e9 ces mouvements.<\/span><\/p>\n<\/div>\n<\/div><\/div><\/div><div id=\"pgc-25-4-2\"  class=\"panel-grid-cell panel-grid-cell-empty\" ><\/div><\/div><div id=\"pg-25-5\"  class=\"panel-grid panel-no-style\" ><div id=\"pgc-25-5-0\"  class=\"panel-grid-cell\" ><div id=\"panel-25-5-0-0\" class=\"so-panel widget widget_sow-headline panel-first-child panel-last-child\" data-index=\"6\" ><div\n\t\t\t\n\t\t\tclass=\"so-widget-sow-headline so-widget-sow-headline-default-7981e31f7888-25\"\n\t\t\t\n\t\t><div class=\"sow-headline-container \">\n\t\t\t\t\t\t\t<h1 class=\"sow-headline\">\n\t\t\t\t\t\tBlues Noir, Rock Blanc : Histoires d'\u00e9mancipation\t\t\t\t\t\t<\/h1>\n\t\t\t\t\t\t<\/div>\n<\/div><\/div><\/div><div id=\"pgc-25-5-1\"  class=\"panel-grid-cell panel-grid-cell-empty\" ><\/div><div id=\"pgc-25-5-2\"  class=\"panel-grid-cell\" ><div id=\"panel-25-5-2-0\" class=\"so-panel widget widget_sow-headline panel-first-child panel-last-child\" data-index=\"7\" ><div\n\t\t\t\n\t\t\tclass=\"so-widget-sow-headline so-widget-sow-headline-default-23f35e3a2c77-25\"\n\t\t\t\n\t\t><div class=\"sow-headline-container \">\n\t\t\t\t\t\t\t<h1 class=\"sow-headline\">\n\t\t\t\t\t\t Les 3 parties :\t\t\t\t\t\t<\/h1>\n\t\t\t\t\t\t<\/div>\n<\/div><\/div><\/div><\/div><div id=\"pg-25-6\"  class=\"panel-grid panel-no-style\" ><div id=\"pgc-25-6-0\"  class=\"panel-grid-cell panel-grid-cell-empty\" ><\/div><div id=\"pgc-25-6-1\"  class=\"panel-grid-cell\" ><div id=\"panel-25-6-1-0\" class=\"so-panel widget widget_sow-image panel-first-child panel-last-child\" data-index=\"8\" ><div\n\t\t\t\n\t\t\tclass=\"so-widget-sow-image so-widget-sow-image-default-8b5b6f678277-25\"\n\t\t\t\n\t\t>\n<div class=\"sow-image-container\">\n\t\t<img \n\tsrc=\"http:\/\/www.cyrilbouysse.com\/fairesens\/wp-content\/uploads\/sites\/7\/2026\/03\/son-house.jpg\" width=\"1070\" height=\"937\" srcset=\"http:\/\/www.cyrilbouysse.com\/fairesens\/wp-content\/uploads\/sites\/7\/2026\/03\/son-house.jpg 1070w, http:\/\/www.cyrilbouysse.com\/fairesens\/wp-content\/uploads\/sites\/7\/2026\/03\/son-house-300x263.jpg 300w, http:\/\/www.cyrilbouysse.com\/fairesens\/wp-content\/uploads\/sites\/7\/2026\/03\/son-house-1024x897.jpg 1024w, http:\/\/www.cyrilbouysse.com\/fairesens\/wp-content\/uploads\/sites\/7\/2026\/03\/son-house-768x673.jpg 768w, http:\/\/www.cyrilbouysse.com\/fairesens\/wp-content\/uploads\/sites\/7\/2026\/03\/son-house-650x569.jpg 650w\" sizes=\"(max-width: 1070px) 100vw, 1070px\" alt=\"\" \t\tclass=\"so-widget-image\"\/>\n\t<\/div>\n\n<\/div><\/div><\/div><div id=\"pgc-25-6-2\"  class=\"panel-grid-cell panel-grid-cell-mobile-last\" ><div id=\"panel-25-6-2-0\" class=\"so-panel widget widget_sow-editor panel-first-child panel-last-child\" data-index=\"9\" ><div\n\t\t\t\n\t\t\tclass=\"so-widget-sow-editor so-widget-sow-editor-base\"\n\t\t\t\n\t\t>\n<div class=\"siteorigin-widget-tinymce textwidget\">\n\t<p lang=\"fr-FR\" align=\"JUSTIFY\"><span style=\"font-size: 14pt; color: #d10000;\"><strong>Blues Noir ...\u00a0\u00a0\u00a0\u00a0\u00a0\u00a0\u00a0\u00a0\u00a0 (dur\u00e9e 1h30-2h)<\/strong><\/span><\/p>\n<p lang=\"fr-FR\" align=\"JUSTIFY\"><span style=\"color: #efefef; font-size: 14pt;\">Dans cette premi\u00e8re partie, loin des clich\u00e9s mis\u00e9rabilistes et avec un ton souvent d\u00e9cal\u00e9, j'aborde le blues comme la musique fondatrice qui r\u00e9v\u00e8le les Noirs am\u00e9ricains, et qui nourrira par la suite la lib\u00e9ration musicale des jeunes blancs du baby boom.<\/span><\/p>\n<\/div>\n<\/div><\/div><\/div><div id=\"pgc-25-6-3\"  class=\"panel-grid-cell panel-grid-cell-empty\" ><\/div><\/div><div id=\"pg-25-7\"  class=\"panel-grid panel-no-style\" ><div id=\"pgc-25-7-0\"  class=\"panel-grid-cell panel-grid-cell-empty\" ><\/div><div id=\"pgc-25-7-1\"  class=\"panel-grid-cell\" ><div id=\"panel-25-7-1-0\" class=\"so-panel widget widget_sow-editor panel-first-child panel-last-child\" data-index=\"10\" ><div\n\t\t\t\n\t\t\tclass=\"so-widget-sow-editor so-widget-sow-editor-base\"\n\t\t\t\n\t\t>\n<div class=\"siteorigin-widget-tinymce textwidget\">\n\t<p lang=\"fr-FR\" align=\"JUSTIFY\"><span style=\"font-size: 14pt; color: #d10000;\"><strong>\u2026 Rock Blanc ...\u00a0\u00a0\u00a0\u00a0\u00a0\u00a0\u00a0\u00a0\u00a0 (dur\u00e9e 1h30-2h)<\/strong><\/span><\/p>\n<p lang=\"fr-FR\" align=\"JUSTIFY\"><span style=\"color: #efefef; font-size: 14pt;\">Apr\u00e8s avoir \u00e9voqu\u00e9 le versant noir du blues, j'aborderai toujours de mani\u00e8re un peu d\u00e9cal\u00e9e et pour remettre du sens dans une musique d\u00e9sormais banalis\u00e9e, comment les jeunes blancs am\u00e9ricains puis les europ\u00e9ens ont re\u00e7u et r\u00e9invent\u00e9 l\u2019h\u00e9ritage de ce blues noir, pour construire leur propre histoire musicale, et s\u2019extirper ainsi des carcans occidentaux.<\/span><\/p>\n<\/div>\n<\/div><\/div><\/div><div id=\"pgc-25-7-2\"  class=\"panel-grid-cell panel-grid-cell-mobile-last\" ><div id=\"panel-25-7-2-0\" class=\"so-panel widget widget_sow-image panel-first-child panel-last-child\" data-index=\"11\" ><div\n\t\t\t\n\t\t\tclass=\"so-widget-sow-image so-widget-sow-image-default-8b5b6f678277-25\"\n\t\t\t\n\t\t>\n<div class=\"sow-image-container\">\n\t\t<img \n\tsrc=\"http:\/\/www.cyrilbouysse.com\/fairesens\/wp-content\/uploads\/sites\/7\/2026\/03\/FreeFormatSHs.jpg\" width=\"500\" height=\"438\" srcset=\"http:\/\/www.cyrilbouysse.com\/fairesens\/wp-content\/uploads\/sites\/7\/2026\/03\/FreeFormatSHs.jpg 500w, http:\/\/www.cyrilbouysse.com\/fairesens\/wp-content\/uploads\/sites\/7\/2026\/03\/FreeFormatSHs-300x263.jpg 300w\" sizes=\"(max-width: 500px) 100vw, 500px\" alt=\"\" \t\tclass=\"so-widget-image\"\/>\n\t<\/div>\n\n<\/div><\/div><\/div><div id=\"pgc-25-7-3\"  class=\"panel-grid-cell panel-grid-cell-empty\" ><\/div><\/div><div id=\"pg-25-8\"  class=\"panel-grid panel-no-style\" ><div id=\"pgc-25-8-0\"  class=\"panel-grid-cell panel-grid-cell-empty\" ><\/div><div id=\"pgc-25-8-1\"  class=\"panel-grid-cell\" ><div id=\"panel-25-8-1-0\" class=\"so-panel widget widget_sow-image panel-first-child panel-last-child\" data-index=\"12\" ><div\n\t\t\t\n\t\t\tclass=\"so-widget-sow-image so-widget-sow-image-default-8b5b6f678277-25\"\n\t\t\t\n\t\t>\n<div class=\"sow-image-container\">\n\t\t<img \n\tsrc=\"http:\/\/www.cyrilbouysse.com\/fairesens\/wp-content\/uploads\/sites\/7\/2026\/03\/Coq2.jpg\" width=\"516\" height=\"452\" srcset=\"http:\/\/www.cyrilbouysse.com\/fairesens\/wp-content\/uploads\/sites\/7\/2026\/03\/Coq2.jpg 516w, http:\/\/www.cyrilbouysse.com\/fairesens\/wp-content\/uploads\/sites\/7\/2026\/03\/Coq2-300x263.jpg 300w\" sizes=\"(max-width: 516px) 100vw, 516px\" alt=\"\" \t\tclass=\"so-widget-image\"\/>\n\t<\/div>\n\n<\/div><\/div><\/div><div id=\"pgc-25-8-2\"  class=\"panel-grid-cell panel-grid-cell-mobile-last\" ><div id=\"panel-25-8-2-0\" class=\"so-panel widget widget_sow-editor panel-first-child panel-last-child\" data-index=\"13\" ><div\n\t\t\t\n\t\t\tclass=\"so-widget-sow-editor so-widget-sow-editor-base\"\n\t\t\t\n\t\t>\n<div class=\"siteorigin-widget-tinymce textwidget\">\n\t<p lang=\"fr-FR\" align=\"JUSTIFY\"><span style=\"font-size: 14pt; color: #d10000;\"><strong>\u2026 La Vision d'en France\u00a0 \u00a0 \u00a0 \u00a0 \u00a0 (dur\u00e9e 1h30-2h)<\/strong><\/span><\/p>\n<p lang=\"fr-FR\" align=\"JUSTIFY\"><span style=\"color: #efefef; font-size: 14pt;\">On dit souvent que ce qui se produit aux Etats-Unis arrive g\u00e9n\u00e9ralement en France avec 10 ou 20 ans de retard. Qu'en a-t-il \u00e9t\u00e9 de ces musiques, et surtout qu'est-ce qui a \u00e9t\u00e9 transmis, oubli\u00e9 ou modifi\u00e9\u00a0? Qu'est que la France a entendu de ces musiques et qu'en a-t-elle fait\u00a0? L'\u00e9mancipation a-t-elle fait bon m\u00e9nage avec les sp\u00e9cificit\u00e9s des mouvements musicaux fran\u00e7ais ?<\/span><\/p>\n<\/div>\n<\/div><\/div><\/div><div id=\"pgc-25-8-3\"  class=\"panel-grid-cell panel-grid-cell-empty\" ><\/div><\/div><div id=\"pg-25-9\"  class=\"panel-grid panel-no-style\" ><div id=\"pgc-25-9-0\"  class=\"panel-grid-cell panel-grid-cell-empty\" ><\/div><div id=\"pgc-25-9-1\"  class=\"panel-grid-cell panel-grid-cell-mobile-last\" ><div id=\"panel-25-9-1-0\" class=\"so-panel widget widget_sow-editor panel-first-child panel-last-child\" data-index=\"14\" ><div\n\t\t\t\n\t\t\tclass=\"so-widget-sow-editor so-widget-sow-editor-base\"\n\t\t\t\n\t\t>\n<div class=\"siteorigin-widget-tinymce textwidget\">\n\t<p><span style=\"font-size: 14pt;\"><span style=\"color: #efefef;\">Pour tout renseignement, vous pouvez m'envoyer un message en utilisant le<\/span> <a href=\"http:\/\/www.cyrilbouysse.com\/contact\/\">formulaire de contact<\/a><span style=\"color: #ededed;\">. Merci.\u00a0 \u00a0 \u00a0 \u00a0 \u00a0 \u00a0 \u00a0 \u00a0 \u00a0 \u00a0 \u00a0 \u00a0 \u00a0 \u00a0 \u00a0 \u00a0 \u00a0 \u00a0 \u00a0 \u00a0 \u00a0 \u00a0 \u00a0 \u00a0 \u00a0 \u00a0 \u00a0 \u00a0 \u00a0 \u00a0 \u00a0 \u00a0 \u00a0 <strong>Cyril Bouysse.<\/strong><\/span><\/span><\/p>\n<\/div>\n<\/div><\/div><\/div><div id=\"pgc-25-9-2\"  class=\"panel-grid-cell panel-grid-cell-empty\" ><\/div><\/div><\/div>","protected":false},"excerpt":{"rendered":"<p>&nbsp; \u00ab\u00a0Eh, on se fait un blues\u00a0? Allez, un p&rsquo;tit blues l\u00e0&#8230;\u00a0\u00bb \u00ab\u00a0Ah ouais, le blues&#8230; I love you baby, baby I love you ! Mouais&#8230; Le jazz plut\u00f4t quand m\u00eame. \u00bb \u00ab\u00a0Woh l&rsquo;aut&rsquo;\u00a0!&#8230; Y sait m\u00eame pas faire tourner un blues\u00a0!\u00a0\u00bb Pourquoi ai-je toujours eu du mal avec ces phrases\u00a0? Pourquoi me suis-je toujours [&hellip;]<\/p>\n","protected":false},"author":1,"featured_media":0,"parent":0,"menu_order":0,"comment_status":"closed","ping_status":"closed","template":"","meta":{"footnotes":""},"class_list":["post-25","page","type-page","status-publish","hentry","post"],"_links":{"self":[{"href":"http:\/\/www.cyrilbouysse.com\/fairesens\/wp-json\/wp\/v2\/pages\/25","targetHints":{"allow":["GET"]}}],"collection":[{"href":"http:\/\/www.cyrilbouysse.com\/fairesens\/wp-json\/wp\/v2\/pages"}],"about":[{"href":"http:\/\/www.cyrilbouysse.com\/fairesens\/wp-json\/wp\/v2\/types\/page"}],"author":[{"embeddable":true,"href":"http:\/\/www.cyrilbouysse.com\/fairesens\/wp-json\/wp\/v2\/users\/1"}],"replies":[{"embeddable":true,"href":"http:\/\/www.cyrilbouysse.com\/fairesens\/wp-json\/wp\/v2\/comments?post=25"}],"version-history":[{"count":34,"href":"http:\/\/www.cyrilbouysse.com\/fairesens\/wp-json\/wp\/v2\/pages\/25\/revisions"}],"predecessor-version":[{"id":230,"href":"http:\/\/www.cyrilbouysse.com\/fairesens\/wp-json\/wp\/v2\/pages\/25\/revisions\/230"}],"wp:attachment":[{"href":"http:\/\/www.cyrilbouysse.com\/fairesens\/wp-json\/wp\/v2\/media?parent=25"}],"curies":[{"name":"wp","href":"https:\/\/api.w.org\/{rel}","templated":true}]}}