{"id":447,"date":"2017-02-28T22:15:35","date_gmt":"2017-02-28T21:15:35","guid":{"rendered":"http:\/\/www.cyrilbouysse.com\/cbamp\/?page_id=447"},"modified":"2025-09-26T17:36:56","modified_gmt":"2025-09-26T15:36:56","slug":"autres","status":"publish","type":"page","link":"http:\/\/www.cyrilbouysse.com\/cbamp\/autres\/","title":{"rendered":"Autres"},"content":{"rendered":"<div id=\"pl-447\"  class=\"panel-layout\" ><div id=\"pg-447-0\"  class=\"panel-grid panel-no-style\" ><div id=\"pgc-447-0-0\"  class=\"panel-grid-cell panel-grid-cell-empty\" ><\/div><div id=\"pgc-447-0-1\"  class=\"panel-grid-cell\" ><div id=\"panel-447-0-1-0\" class=\"so-panel widget widget_sow-image panel-first-child panel-last-child\" data-index=\"0\" ><div\n\t\t\t\n\t\t\tclass=\"so-widget-sow-image so-widget-sow-image-default-8b5b6f678277-447\"\n\t\t\t\n\t\t>\n<div class=\"sow-image-container\">\n\t\t<img \n\tsrc=\"http:\/\/www.cyrilbouysse.com\/cbamp\/wp-content\/uploads\/sites\/6\/2020\/03\/LogoSite.jpg\" width=\"756\" height=\"794\" srcset=\"http:\/\/www.cyrilbouysse.com\/cbamp\/wp-content\/uploads\/sites\/6\/2020\/03\/LogoSite.jpg 756w, http:\/\/www.cyrilbouysse.com\/cbamp\/wp-content\/uploads\/sites\/6\/2020\/03\/LogoSite-286x300.jpg 286w, http:\/\/www.cyrilbouysse.com\/cbamp\/wp-content\/uploads\/sites\/6\/2020\/03\/LogoSite-619x650.jpg 619w\" sizes=\"(max-width: 756px) 100vw, 756px\" alt=\"\" \t\tclass=\"so-widget-image\"\/>\n\t<\/div>\n\n<\/div><\/div><\/div><div id=\"pgc-447-0-2\"  class=\"panel-grid-cell panel-grid-cell-mobile-last\" ><div id=\"panel-447-0-2-0\" class=\"so-panel widget widget_sow-editor panel-first-child panel-last-child\" data-index=\"1\" ><div class=\"panel-widget-style panel-widget-style-for-447-0-2-0\" ><div\n\t\t\t\n\t\t\tclass=\"so-widget-sow-editor so-widget-sow-editor-base\"\n\t\t\t\n\t\t>\n<div class=\"siteorigin-widget-tinymce textwidget\">\n\t<h2><\/h2>\n<p>&nbsp;<\/p>\n<h1 style=\"text-align: center;\">HiFi - Studio - Installation mus\u00e9ale<\/h1>\n<p style=\"text-align: center;\"><span style=\"font-size: 14pt;\">J'ai plac\u00e9 p\u00e8le m\u00e8le dans cette section mes r\u00e9alisations qui s'\u00e9loignent de l'\u00e9quipement standard du guitariste.<\/span><\/p>\n<p>&nbsp;<\/p>\n<p style=\"text-align: center;\">---------------------------<\/p>\n<\/div>\n<\/div><\/div><\/div><\/div><div id=\"pgc-447-0-3\"  class=\"panel-grid-cell panel-grid-cell-empty\" ><\/div><\/div><div id=\"pg-447-1\"  class=\"panel-grid panel-no-style\" ><div id=\"pgc-447-1-0\"  class=\"panel-grid-cell\" ><div id=\"panel-447-1-0-0\" class=\"so-panel widget widget_sow-image panel-first-child\" data-index=\"2\" ><div\n\t\t\t\n\t\t\tclass=\"so-widget-sow-image so-widget-sow-image-default-8b5b6f678277-447\"\n\t\t\t\n\t\t>\n<div class=\"sow-image-container\">\n\t\t\t<a href=\"http:\/\/www.cyrilbouysse.com\/cbamp\/extension-de-preamplis-altec-1567a\/\"\n\t\t\t\t\t>\n\t\t\t<img \n\tsrc=\"http:\/\/www.cyrilbouysse.com\/cbamp\/wp-content\/uploads\/sites\/6\/2020\/03\/DSCF9392.jpg\" width=\"1276\" height=\"850\" srcset=\"http:\/\/www.cyrilbouysse.com\/cbamp\/wp-content\/uploads\/sites\/6\/2020\/03\/DSCF9392.jpg 1276w, http:\/\/www.cyrilbouysse.com\/cbamp\/wp-content\/uploads\/sites\/6\/2020\/03\/DSCF9392-300x200.jpg 300w, http:\/\/www.cyrilbouysse.com\/cbamp\/wp-content\/uploads\/sites\/6\/2020\/03\/DSCF9392-1024x682.jpg 1024w, http:\/\/www.cyrilbouysse.com\/cbamp\/wp-content\/uploads\/sites\/6\/2020\/03\/DSCF9392-768x512.jpg 768w, http:\/\/www.cyrilbouysse.com\/cbamp\/wp-content\/uploads\/sites\/6\/2020\/03\/DSCF9392-600x400.jpg 600w, http:\/\/www.cyrilbouysse.com\/cbamp\/wp-content\/uploads\/sites\/6\/2020\/03\/DSCF9392-650x433.jpg 650w, http:\/\/www.cyrilbouysse.com\/cbamp\/wp-content\/uploads\/sites\/6\/2020\/03\/DSCF9392-272x182.jpg 272w\" sizes=\"(max-width: 1276px) 100vw, 1276px\" title=\"Altec 1567A 1\" alt=\"Dual Tube Buffer\" \t\tclass=\"so-widget-image\"\/>\n\t\t\t<\/a><\/div>\n\n<\/div><\/div><div id=\"panel-447-1-0-1\" class=\"so-panel widget widget_sow-editor panel-last-child\" data-index=\"3\" ><div class=\"panel-widget-style panel-widget-style-for-447-1-0-1\" ><div\n\t\t\t\n\t\t\tclass=\"so-widget-sow-editor so-widget-sow-editor-base\"\n\t\t\t\n\t\t>\n<div class=\"siteorigin-widget-tinymce textwidget\">\n\t<h2 style=\"text-align: center;\">Extension de pr\u00e9amplis Altec 1567A<\/h2>\n<\/div>\n<\/div><\/div><\/div><\/div><div id=\"pgc-447-1-1\"  class=\"panel-grid-cell\" ><div id=\"panel-447-1-1-0\" class=\"so-panel widget widget_sow-image panel-first-child\" data-index=\"4\" ><div\n\t\t\t\n\t\t\tclass=\"so-widget-sow-image so-widget-sow-image-default-8b5b6f678277-447\"\n\t\t\t\n\t\t>\n<div class=\"sow-image-container\">\n\t\t\t<a href=\"http:\/\/www.cyrilbouysse.com\/cbamp\/2012-2013-laventure-mupop\/\"\n\t\t\t\t\t>\n\t\t\t<img \n\tsrc=\"http:\/\/www.cyrilbouysse.com\/cbamp\/wp-content\/uploads\/sites\/6\/2019\/05\/mupop-installation.jpg\" width=\"1417\" height=\"945\" srcset=\"http:\/\/www.cyrilbouysse.com\/cbamp\/wp-content\/uploads\/sites\/6\/2019\/05\/mupop-installation.jpg 1417w, http:\/\/www.cyrilbouysse.com\/cbamp\/wp-content\/uploads\/sites\/6\/2019\/05\/mupop-installation-300x200.jpg 300w, http:\/\/www.cyrilbouysse.com\/cbamp\/wp-content\/uploads\/sites\/6\/2019\/05\/mupop-installation-768x512.jpg 768w, http:\/\/www.cyrilbouysse.com\/cbamp\/wp-content\/uploads\/sites\/6\/2019\/05\/mupop-installation-1024x683.jpg 1024w, http:\/\/www.cyrilbouysse.com\/cbamp\/wp-content\/uploads\/sites\/6\/2019\/05\/mupop-installation-600x400.jpg 600w, http:\/\/www.cyrilbouysse.com\/cbamp\/wp-content\/uploads\/sites\/6\/2019\/05\/mupop-installation-650x433.jpg 650w, http:\/\/www.cyrilbouysse.com\/cbamp\/wp-content\/uploads\/sites\/6\/2019\/05\/mupop-installation-272x182.jpg 272w\" sizes=\"(max-width: 1417px) 100vw, 1417px\" title=\"mupop installation\" alt=\"Dual Tube Buffer\" \t\tclass=\"so-widget-image\"\/>\n\t\t\t<\/a><\/div>\n\n<\/div><\/div><div id=\"panel-447-1-1-1\" class=\"so-panel widget widget_sow-editor panel-last-child\" data-index=\"5\" ><div class=\"panel-widget-style panel-widget-style-for-447-1-1-1\" ><div\n\t\t\t\n\t\t\tclass=\"so-widget-sow-editor so-widget-sow-editor-base\"\n\t\t\t\n\t\t>\n<div class=\"siteorigin-widget-tinymce textwidget\">\n\t<h2 style=\"text-align: center;\"><\/h2>\n<h2 style=\"text-align: center;\">Installation Mus\u00e9ale : L'aventure Mupop<\/h2>\n<\/div>\n<\/div><\/div><\/div><\/div><\/div><div id=\"pg-447-2\"  class=\"panel-grid panel-no-style\" ><div id=\"pgc-447-2-0\"  class=\"panel-grid-cell panel-grid-cell-empty\" ><\/div><div id=\"pgc-447-2-1\"  class=\"panel-grid-cell\" ><div id=\"panel-447-2-1-0\" class=\"so-panel widget widget_sow-image panel-first-child panel-last-child\" data-index=\"6\" ><div class=\"panel-widget-style panel-widget-style-for-447-2-1-0\" ><div\n\t\t\t\n\t\t\tclass=\"so-widget-sow-image so-widget-sow-image-default-49681edeb466-447\"\n\t\t\t\n\t\t>\n<div class=\"sow-image-container\">\n\t\t\t<a href=\"http:\/\/www.cyrilbouysse.com\/cbamp\/cb-409-microphone\/\"\n\t\t\t\t\t>\n\t\t\t<img \n\tsrc=\"http:\/\/www.cyrilbouysse.com\/cbamp\/wp-content\/uploads\/sites\/6\/2025\/09\/CB409-6.jpg\" width=\"1200\" height=\"800\" srcset=\"http:\/\/www.cyrilbouysse.com\/cbamp\/wp-content\/uploads\/sites\/6\/2025\/09\/CB409-6.jpg 1200w, http:\/\/www.cyrilbouysse.com\/cbamp\/wp-content\/uploads\/sites\/6\/2025\/09\/CB409-6-300x200.jpg 300w, http:\/\/www.cyrilbouysse.com\/cbamp\/wp-content\/uploads\/sites\/6\/2025\/09\/CB409-6-1024x683.jpg 1024w, http:\/\/www.cyrilbouysse.com\/cbamp\/wp-content\/uploads\/sites\/6\/2025\/09\/CB409-6-768x512.jpg 768w, http:\/\/www.cyrilbouysse.com\/cbamp\/wp-content\/uploads\/sites\/6\/2025\/09\/CB409-6-650x433.jpg 650w, http:\/\/www.cyrilbouysse.com\/cbamp\/wp-content\/uploads\/sites\/6\/2025\/09\/CB409-6-272x182.jpg 272w\" sizes=\"(max-width: 1200px) 100vw, 1200px\" title=\"CB-409 Microphone\" alt=\"Sennheiser MD409 capsule MD 409 BF509 BF 509 blackfire dynamic microphone\" \t\tclass=\"so-widget-image\"\/>\n\t\t\t<\/a><\/div>\n\n<h3 class=\"widget-title\">CB-409 Microphone<\/h3><\/div><\/div><\/div><\/div><div id=\"pgc-447-2-2\"  class=\"panel-grid-cell\" ><div id=\"panel-447-2-2-0\" class=\"so-panel widget widget_sow-image panel-first-child panel-last-child\" data-index=\"7\" ><div class=\"panel-widget-style panel-widget-style-for-447-2-2-0\" ><div\n\t\t\t\n\t\t\tclass=\"so-widget-sow-image so-widget-sow-image-default-113ccd71f3e6-447\"\n\t\t\t\n\t\t>\n<div class=\"sow-image-container\">\n\t\t\t<a href=\"http:\/\/www.cyrilbouysse.com\/cbamp\/dual-tube-buffer\/\"\n\t\t\t\t\t>\n\t\t\t<img \n\tsrc=\"http:\/\/www.cyrilbouysse.com\/cbamp\/wp-content\/uploads\/sites\/6\/2017\/03\/WDSCF2731s.jpg\" width=\"567\" height=\"377\" srcset=\"http:\/\/www.cyrilbouysse.com\/cbamp\/wp-content\/uploads\/sites\/6\/2017\/03\/WDSCF2731s.jpg 567w, http:\/\/www.cyrilbouysse.com\/cbamp\/wp-content\/uploads\/sites\/6\/2017\/03\/WDSCF2731s-300x199.jpg 300w, http:\/\/www.cyrilbouysse.com\/cbamp\/wp-content\/uploads\/sites\/6\/2017\/03\/WDSCF2731s-272x182.jpg 272w\" sizes=\"(max-width: 567px) 100vw, 567px\" title=\"Dual Tube Buffer\" alt=\"\" \t\tclass=\"so-widget-image\"\/>\n\t\t\t<\/a><\/div>\n\n<h3 class=\"widget-title\">Dual Tube Buffer<\/h3><\/div><\/div><\/div><\/div><div id=\"pgc-447-2-3\"  class=\"panel-grid-cell panel-grid-cell-mobile-last\" ><div id=\"panel-447-2-3-0\" class=\"so-panel widget widget_sow-image panel-first-child panel-last-child\" data-index=\"8\" ><div class=\"panel-widget-style panel-widget-style-for-447-2-3-0\" ><div\n\t\t\t\n\t\t\tclass=\"so-widget-sow-image so-widget-sow-image-default-89f16426b92c-447\"\n\t\t\t\n\t\t>\n<div class=\"sow-image-container\">\n\t\t\t<a href=\"http:\/\/www.cyrilbouysse.com\/cbamp\/hifi-cables-de-modulation-argent\/\"\n\t\t\t\t\t>\n\t\t\t<img \n\tsrc=\"http:\/\/www.cyrilbouysse.com\/cbamp\/wp-content\/uploads\/sites\/6\/2019\/07\/Cables-modulation-argent-1.jpg\" width=\"1134\" height=\"755\" srcset=\"http:\/\/www.cyrilbouysse.com\/cbamp\/wp-content\/uploads\/sites\/6\/2019\/07\/Cables-modulation-argent-1.jpg 1134w, http:\/\/www.cyrilbouysse.com\/cbamp\/wp-content\/uploads\/sites\/6\/2019\/07\/Cables-modulation-argent-1-300x200.jpg 300w, http:\/\/www.cyrilbouysse.com\/cbamp\/wp-content\/uploads\/sites\/6\/2019\/07\/Cables-modulation-argent-1-768x511.jpg 768w, http:\/\/www.cyrilbouysse.com\/cbamp\/wp-content\/uploads\/sites\/6\/2019\/07\/Cables-modulation-argent-1-1024x682.jpg 1024w, http:\/\/www.cyrilbouysse.com\/cbamp\/wp-content\/uploads\/sites\/6\/2019\/07\/Cables-modulation-argent-1-600x400.jpg 600w, http:\/\/www.cyrilbouysse.com\/cbamp\/wp-content\/uploads\/sites\/6\/2019\/07\/Cables-modulation-argent-1-650x433.jpg 650w, http:\/\/www.cyrilbouysse.com\/cbamp\/wp-content\/uploads\/sites\/6\/2019\/07\/Cables-modulation-argent-1-272x182.jpg 272w\" sizes=\"(max-width: 1134px) 100vw, 1134px\" title=\"C\u00e2bles de modulation Argent\" alt=\"Audio QED Kimber Mogami Monster Real Audioquest quest Sommer Klotz\" \t\tclass=\"so-widget-image\"\/>\n\t\t\t<\/a><\/div>\n\n<h3 class=\"widget-title\">C\u00e2bles de modulation Argent<\/h3><\/div><\/div><\/div><\/div><div id=\"pgc-447-2-4\"  class=\"panel-grid-cell panel-grid-cell-empty\" ><\/div><\/div><div id=\"pg-447-3\"  class=\"panel-grid panel-no-style\" ><div id=\"pgc-447-3-0\"  class=\"panel-grid-cell panel-grid-cell-empty\" ><\/div><div id=\"pgc-447-3-1\"  class=\"panel-grid-cell\" ><div id=\"panel-447-3-1-0\" class=\"so-panel widget widget_sow-image panel-first-child panel-last-child\" data-index=\"9\" ><div class=\"panel-widget-style panel-widget-style-for-447-3-1-0\" ><div\n\t\t\t\n\t\t\tclass=\"so-widget-sow-image so-widget-sow-image-default-49681edeb466-447\"\n\t\t\t\n\t\t>\n<div class=\"sow-image-container\">\n\t\t\t<a href=\"https:\/\/www.cyrilbouysse.com\/cbamp\/lomo-yp27\/\"\n\t\t\t\t\t>\n\t\t\t<img \n\tsrc=\"http:\/\/www.cyrilbouysse.com\/cbamp\/wp-content\/uploads\/sites\/6\/2025\/07\/LomoGcheF.jpg\" width=\"1200\" height=\"486\" srcset=\"http:\/\/www.cyrilbouysse.com\/cbamp\/wp-content\/uploads\/sites\/6\/2025\/07\/LomoGcheF.jpg 1200w, http:\/\/www.cyrilbouysse.com\/cbamp\/wp-content\/uploads\/sites\/6\/2025\/07\/LomoGcheF-300x122.jpg 300w, http:\/\/www.cyrilbouysse.com\/cbamp\/wp-content\/uploads\/sites\/6\/2025\/07\/LomoGcheF-1024x415.jpg 1024w, http:\/\/www.cyrilbouysse.com\/cbamp\/wp-content\/uploads\/sites\/6\/2025\/07\/LomoGcheF-768x311.jpg 768w, http:\/\/www.cyrilbouysse.com\/cbamp\/wp-content\/uploads\/sites\/6\/2025\/07\/LomoGcheF-650x263.jpg 650w\" sizes=\"(max-width: 1200px) 100vw, 1200px\" title=\"Lomo YP-27 Dual Mic Tube Preamp\" alt=\"Lomo YP-27 tube microphone preamplifier custom lundahl lampes\" \t\tclass=\"so-widget-image\"\/>\n\t\t\t<\/a><\/div>\n\n<h3 class=\"widget-title\">Lomo YP-27 Dual Mic Tube Preamp<\/h3><\/div><\/div><\/div><\/div><div id=\"pgc-447-3-2\"  class=\"panel-grid-cell panel-grid-cell-mobile-last\" ><div id=\"panel-447-3-2-0\" class=\"so-panel widget widget_sow-image panel-first-child panel-last-child\" data-index=\"10\" ><div class=\"panel-widget-style panel-widget-style-for-447-3-2-0\" ><div\n\t\t\t\n\t\t\tclass=\"so-widget-sow-image so-widget-sow-image-default-49681edeb466-447\"\n\t\t\t\n\t\t>\n<div class=\"sow-image-container\">\n\t\t\t<a href=\"https:\/\/www.cyrilbouysse.com\/cbamp\/marantz-cd4000-philips-cd723\/\"\n\t\t\t\t\t>\n\t\t\t<img \n\tsrc=\"http:\/\/www.cyrilbouysse.com\/cbamp\/wp-content\/uploads\/sites\/6\/2025\/09\/CD4000-marantz-CD723-philips-2.jpg\" width=\"1200\" height=\"486\" srcset=\"http:\/\/www.cyrilbouysse.com\/cbamp\/wp-content\/uploads\/sites\/6\/2025\/09\/CD4000-marantz-CD723-philips-2.jpg 1200w, http:\/\/www.cyrilbouysse.com\/cbamp\/wp-content\/uploads\/sites\/6\/2025\/09\/CD4000-marantz-CD723-philips-2-300x122.jpg 300w, http:\/\/www.cyrilbouysse.com\/cbamp\/wp-content\/uploads\/sites\/6\/2025\/09\/CD4000-marantz-CD723-philips-2-1024x415.jpg 1024w, http:\/\/www.cyrilbouysse.com\/cbamp\/wp-content\/uploads\/sites\/6\/2025\/09\/CD4000-marantz-CD723-philips-2-768x311.jpg 768w, http:\/\/www.cyrilbouysse.com\/cbamp\/wp-content\/uploads\/sites\/6\/2025\/09\/CD4000-marantz-CD723-philips-2-650x263.jpg 650w\" sizes=\"(max-width: 1200px) 100vw, 1200px\" title=\"Marantz CD4000 \/ Philips CD723 - CB Amped ! \" alt=\"CD4000 marantz CD723 philips tweak mods modifications\" \t\tclass=\"so-widget-image\"\/>\n\t\t\t<\/a><\/div>\n\n<h3 class=\"widget-title\">Marantz CD4000 \/ Philips CD723 - CB Amped ! <\/h3><\/div><\/div><\/div><\/div><div id=\"pgc-447-3-3\"  class=\"panel-grid-cell panel-grid-cell-empty\" ><\/div><\/div><div id=\"pg-447-4\"  class=\"panel-grid panel-no-style\" ><div id=\"pgc-447-4-0\"  class=\"panel-grid-cell panel-grid-cell-empty\" ><\/div><div id=\"pgc-447-4-1\"  class=\"panel-grid-cell\" ><div id=\"panel-447-4-1-0\" class=\"so-panel widget widget_sow-editor panel-first-child panel-last-child\" data-index=\"11\" ><div class=\"panel-widget-style panel-widget-style-for-447-4-1-0\" ><div\n\t\t\t\n\t\t\tclass=\"so-widget-sow-editor so-widget-sow-editor-base\"\n\t\t\t\n\t\t>\n<div class=\"siteorigin-widget-tinymce textwidget\">\n\t<h2><\/h2>\n<h2 style=\"text-align: center;\">Comp LA2A<\/h2>\n<p style=\"text-align: center;\"><em>\u00e0 venir...<\/em><\/p>\n<\/div>\n<\/div><\/div><\/div><\/div><div id=\"pgc-447-4-2\"  class=\"panel-grid-cell\" ><div id=\"panel-447-4-2-0\" class=\"so-panel widget widget_sow-editor panel-first-child panel-last-child\" data-index=\"12\" ><div class=\"panel-widget-style panel-widget-style-for-447-4-2-0\" ><div\n\t\t\t\n\t\t\tclass=\"so-widget-sow-editor so-widget-sow-editor-base\"\n\t\t\t\n\t\t>\n<div class=\"siteorigin-widget-tinymce textwidget\">\n\t<h2><\/h2>\n<h2 style=\"text-align: center;\">Pr\u00e9ampli \"UA 610\"<\/h2>\n<p style=\"text-align: center;\"><em>\u00e0 venir...<\/em><\/p>\n<\/div>\n<\/div><\/div><\/div><\/div><div id=\"pgc-447-4-3\"  class=\"panel-grid-cell panel-grid-cell-mobile-last\" ><div id=\"panel-447-4-3-0\" class=\"so-panel widget widget_sow-editor panel-first-child panel-last-child\" data-index=\"13\" ><div class=\"panel-widget-style panel-widget-style-for-447-4-3-0\" ><div\n\t\t\t\n\t\t\tclass=\"so-widget-sow-editor so-widget-sow-editor-base\"\n\t\t\t\n\t\t>\n<div class=\"siteorigin-widget-tinymce textwidget\">\n\t<h2><\/h2>\n<h2 style=\"text-align: center;\">Pr\u00e9ampli \"Ampex 601\"<\/h2>\n<p style=\"text-align: center;\"><em>\u00e0 venir...<\/em><\/p>\n<\/div>\n<\/div><\/div><\/div><\/div><div id=\"pgc-447-4-4\"  class=\"panel-grid-cell panel-grid-cell-empty\" ><\/div><\/div><div id=\"pg-447-5\"  class=\"panel-grid panel-no-style\" ><div id=\"pgc-447-5-0\"  class=\"panel-grid-cell panel-grid-cell-empty\" ><\/div><div id=\"pgc-447-5-1\"  class=\"panel-grid-cell\" ><div id=\"panel-447-5-1-0\" class=\"so-panel widget widget_sow-editor panel-first-child panel-last-child\" data-index=\"14\" ><div class=\"panel-widget-style panel-widget-style-for-447-5-1-0\" ><div\n\t\t\t\n\t\t\tclass=\"so-widget-sow-editor so-widget-sow-editor-base\"\n\t\t\t\n\t\t>\n<div class=\"siteorigin-widget-tinymce textwidget\">\n\t<h2><\/h2>\n<h2 style=\"text-align: center;\">Pr\u00e9ampli Audio Research SP-10 Clone<\/h2>\n<p style=\"text-align: center;\"><em>\u00e0 venir...<\/em><\/p>\n<\/div>\n<\/div><\/div><\/div><\/div><div id=\"pgc-447-5-2\"  class=\"panel-grid-cell\" ><div id=\"panel-447-5-2-0\" class=\"so-panel widget widget_sow-editor panel-first-child panel-last-child\" data-index=\"15\" ><div class=\"panel-widget-style panel-widget-style-for-447-5-2-0\" ><div\n\t\t\t\n\t\t\tclass=\"so-widget-sow-editor so-widget-sow-editor-base\"\n\t\t\t\n\t\t>\n<div class=\"siteorigin-widget-tinymce textwidget\">\n\t<h2><\/h2>\n<h2 style=\"text-align: center;\">Comp \"VariMu\"<\/h2>\n<p style=\"text-align: center;\"><em>\u00e0 venir...<\/em><\/p>\n<\/div>\n<\/div><\/div><\/div><\/div><div id=\"pgc-447-5-3\"  class=\"panel-grid-cell panel-grid-cell-mobile-last\" ><div id=\"panel-447-5-3-0\" class=\"so-panel widget widget_sow-editor panel-first-child panel-last-child\" data-index=\"16\" ><div class=\"panel-widget-style panel-widget-style-for-447-5-3-0\" ><div\n\t\t\t\n\t\t\tclass=\"so-widget-sow-editor so-widget-sow-editor-base\"\n\t\t\t\n\t\t>\n<div class=\"siteorigin-widget-tinymce textwidget\">\n\t<h2><\/h2>\n<h2 style=\"text-align: center;\">Pr\u00e9ampli HiFi custom CB-Amp<\/h2>\n<p style=\"text-align: center;\"><em>\u00e0 venir...<\/em><\/p>\n<\/div>\n<\/div><\/div><\/div><\/div><div id=\"pgc-447-5-4\"  class=\"panel-grid-cell panel-grid-cell-empty\" ><\/div><\/div><\/div>","protected":false},"excerpt":{"rendered":"<p>&nbsp; HiFi &#8211; Studio &#8211; Installation mus\u00e9ale J&rsquo;ai plac\u00e9 p\u00e8le m\u00e8le dans cette section mes r\u00e9alisations qui s&rsquo;\u00e9loignent de l&rsquo;\u00e9quipement standard du guitariste. &nbsp; &#8212;&#8212;&#8212;&#8212;&#8212;&#8212;&#8212;&#8212;&#8212; Extension de pr\u00e9amplis Altec 1567A Installation Mus\u00e9ale : L&rsquo;aventure Mupop<\/p>\n","protected":false},"author":1,"featured_media":0,"parent":0,"menu_order":0,"comment_status":"closed","ping_status":"closed","template":"","meta":{"footnotes":""},"class_list":["post-447","page","type-page","status-publish","hentry","post"],"_links":{"self":[{"href":"http:\/\/www.cyrilbouysse.com\/cbamp\/wp-json\/wp\/v2\/pages\/447","targetHints":{"allow":["GET"]}}],"collection":[{"href":"http:\/\/www.cyrilbouysse.com\/cbamp\/wp-json\/wp\/v2\/pages"}],"about":[{"href":"http:\/\/www.cyrilbouysse.com\/cbamp\/wp-json\/wp\/v2\/types\/page"}],"author":[{"embeddable":true,"href":"http:\/\/www.cyrilbouysse.com\/cbamp\/wp-json\/wp\/v2\/users\/1"}],"replies":[{"embeddable":true,"href":"http:\/\/www.cyrilbouysse.com\/cbamp\/wp-json\/wp\/v2\/comments?post=447"}],"version-history":[{"count":50,"href":"http:\/\/www.cyrilbouysse.com\/cbamp\/wp-json\/wp\/v2\/pages\/447\/revisions"}],"predecessor-version":[{"id":3263,"href":"http:\/\/www.cyrilbouysse.com\/cbamp\/wp-json\/wp\/v2\/pages\/447\/revisions\/3263"}],"wp:attachment":[{"href":"http:\/\/www.cyrilbouysse.com\/cbamp\/wp-json\/wp\/v2\/media?parent=447"}],"curies":[{"name":"wp","href":"https:\/\/api.w.org\/{rel}","templated":true}]}}